{"id":11,"date":"2018-09-18T17:25:25","date_gmt":"2018-09-18T16:25:25","guid":{"rendered":"https:\/\/seretudes.wordpress.com\/?page_id=3"},"modified":"2025-08-29T12:31:03","modified_gmt":"2025-08-29T10:31:03","slug":"contact","status":"publish","type":"page","link":"https:\/\/seretudes.com\/en\/contact\/","title":{"rendered":"Contact us"},"content":{"rendered":"<div data-elementor-type=\"wp-post\" data-elementor-id=\"11\" class=\"elementor elementor-11\">\n\t\t\t\t\t\t<section class=\"elementor-section elementor-top-section elementor-element elementor-element-fab53be elementor-section-boxed elementor-section-height-default elementor-section-height-default\" data-id=\"fab53be\" data-element_type=\"section\" data-e-type=\"section\">\n\t\t\t\t\t\t<div class=\"elementor-container elementor-column-gap-default\">\n\t\t\t\t\t<div class=\"elementor-column elementor-col-100 elementor-top-column elementor-element elementor-element-7e9a2f6\" data-id=\"7e9a2f6\" data-element_type=\"column\" data-e-type=\"column\">\n\t\t\t<div class=\"elementor-widget-wrap elementor-element-populated\">\n\t\t\t\t\t\t<section class=\"elementor-section elementor-inner-section elementor-element elementor-element-39d06e9 elementor-section-boxed elementor-section-height-default elementor-section-height-default\" data-id=\"39d06e9\" data-element_type=\"section\" data-e-type=\"section\">\n\t\t\t\t\t\t<div class=\"elementor-container elementor-column-gap-default\">\n\t\t\t\t\t<div class=\"elementor-column elementor-col-33 elementor-inner-column elementor-element elementor-element-9e21cc7\" data-id=\"9e21cc7\" data-element_type=\"column\" data-e-type=\"column\">\n\t\t\t<div class=\"elementor-widget-wrap elementor-element-populated\">\n\t\t\t\t\t\t<div class=\"elementor-element elementor-element-514f5ab elementor-widget elementor-widget-image\" data-id=\"514f5ab\" data-element_type=\"widget\" data-e-type=\"widget\" data-widget_type=\"image.default\">\n\t\t\t\t<div class=\"elementor-widget-container\">\n\t\t\t\t\t\t\t\t\t\t\t\t\t\t\t<img decoding=\"async\" src=\"https:\/\/seretudes.com\/wp-content\/uploads\/elementor\/thumbs\/photo-1-raytm7r1dkoey40aszbdfvu5i12vqxme0lb5x8sfbc.jpg\" title=\"photo-1\" alt=\"photo-1\" loading=\"lazy\" \/>\t\t\t\t\t\t\t\t\t\t\t\t\t\t\t<\/div>\n\t\t\t\t<\/div>\n\t\t\t\t\t<\/div>\n\t\t<\/div>\n\t\t\t\t<div class=\"elementor-column elementor-col-33 elementor-inner-column elementor-element elementor-element-0d8a5ff\" data-id=\"0d8a5ff\" data-element_type=\"column\" data-e-type=\"column\">\n\t\t\t<div class=\"elementor-widget-wrap elementor-element-populated\">\n\t\t\t\t\t\t<div class=\"elementor-element elementor-element-a7bad2f elementor-widget elementor-widget-text-editor\" data-id=\"a7bad2f\" data-element_type=\"widget\" data-e-type=\"widget\" data-widget_type=\"text-editor.default\">\n\t\t\t\t<div class=\"elementor-widget-container\">\n\t\t\t\t\t\t\t\t\t<p><span style=\"color: #000000;\"><strong>Located in Pl\u00e9neuf Val-Andr\u00e9, in C\u00f4tes-d'armor, France<\/strong><\/span><br \/><span style=\"color: #000000;\"><strong>Specialized in Solidworks CAD<\/strong><\/span><\/p><p><span style=\"color: #0000ff;\"><a style=\"color: #0000ff;\" href=\"https:\/\/seretudes.com\/en\/?page_id=309&amp;preview=true\"><strong><span style=\"text-decoration: underline;\"><span style=\"font-family: Arial, Helvetica, sans-serif; font-size: 14pt;\">Find out more<\/span><\/span><\/strong><\/a><\/span><\/p><p><span style=\"font-size: 14pt;\"><strong><span style=\"color: #000000;\">Vincent B\u00e9nistant<\/span><\/strong><\/span><br \/><span style=\"color: #000000;\">06.18.947.946<\/span><br \/><span style=\"color: #000000;\">vbenistant@seretudes.fr<\/span><\/p>\t\t\t\t\t\t\t\t<\/div>\n\t\t\t\t<\/div>\n\t\t\t\t\t<\/div>\n\t\t<\/div>\n\t\t\t\t<div class=\"elementor-column elementor-col-33 elementor-inner-column elementor-element elementor-element-7d1e0e9\" data-id=\"7d1e0e9\" data-element_type=\"column\" data-e-type=\"column\">\n\t\t\t<div class=\"elementor-widget-wrap elementor-element-populated\">\n\t\t\t\t\t\t<div class=\"elementor-element elementor-element-66ca994 elementor-widget elementor-widget-text-editor\" data-id=\"66ca994\" data-element_type=\"widget\" data-e-type=\"widget\" data-widget_type=\"text-editor.default\">\n\t\t\t\t<div class=\"elementor-widget-container\">\n\t\t\t\t\t\t\t\t\t<table style=\"width: 180pt;\" border=\"0\" width=\"240\" cellspacing=\"0\" cellpadding=\"0\"><colgroup> <col style=\"width: 60pt;\" span=\"3\" width=\"80\" \/><\/colgroup><tbody><tr style=\"mso-height-source: userset; height: 15.0pt;\"><td class=\"xl67\" style=\"height: 15.0pt; width: 180pt;\" colspan=\"3\" width=\"240\" height=\"20\">CAD design<\/td><\/tr><tr style=\"mso-height-source: userset; height: 15.0pt;\"><td class=\"xl67\" style=\"height: 15.0pt; width: 180pt;\" colspan=\"3\" width=\"240\" height=\"20\">Full project design<\/td><\/tr><tr style=\"mso-height-source: userset; height: 15.0pt;\"><td class=\"xl67\" style=\"height: 15.0pt; width: 180pt;\" colspan=\"3\" width=\"240\" height=\"20\">3D modeling<\/td><\/tr><tr style=\"mso-height-source: userset; height: 15.0pt;\"><td class=\"xl67\" style=\"height: 15.0pt; width: 180pt;\" colspan=\"3\" width=\"240\" height=\"20\">Fabrication drawings<\/td><\/tr><tr style=\"mso-height-source: userset; height: 15.0pt;\"><td class=\"xl67\" style=\"height: 15.0pt; width: 180pt;\" colspan=\"3\" width=\"240\" height=\"20\">Pre-dimensionning<\/td><\/tr><tr style=\"height: 15.0pt;\"><td class=\"xl65\" style=\"height: 15.0pt;\" colspan=\"3\" height=\"20\">Standard components<\/td><\/tr><tr style=\"height: 15.0pt;\"><td class=\"xl67\" style=\"height: 15.0pt; width: 180pt;\" colspan=\"3\" width=\"240\" height=\"20\">Manufacturing<\/td><\/tr><tr style=\"height: 15.0pt;\"><td class=\"xl67\" style=\"height: 15.0pt; width: 180pt;\" colspan=\"3\" width=\"240\" height=\"20\">Materials<\/td><\/tr><tr style=\"height: 15.0pt;\"><td class=\"xl67\" style=\"height: 15.0pt; width: 180pt;\" colspan=\"3\" width=\"240\" height=\"20\">Machinery, skids, structures, piping, mechanical and robotics engineering, handling...<\/td><\/tr><\/tbody><\/table>\t\t\t\t\t\t\t\t<\/div>\n\t\t\t\t<\/div>\n\t\t\t\t\t<\/div>\n\t\t<\/div>\n\t\t\t\t\t<\/div>\n\t\t<\/section>\n\t\t\t\t\t<\/div>\n\t\t<\/div>\n\t\t\t\t\t<\/div>\n\t\t<\/section>\n\t\t\t\t<section class=\"elementor-section elementor-top-section elementor-element elementor-element-da55a56 elementor-section-boxed elementor-section-height-default elementor-section-height-default\" data-id=\"da55a56\" data-element_type=\"section\" data-e-type=\"section\">\n\t\t\t\t\t\t<div class=\"elementor-container elementor-column-gap-default\">\n\t\t\t\t\t<div class=\"elementor-column elementor-col-100 elementor-top-column elementor-element elementor-element-903cd5d\" data-id=\"903cd5d\" data-element_type=\"column\" data-e-type=\"column\">\n\t\t\t<div class=\"elementor-widget-wrap\">\n\t\t\t\t\t\t\t<\/div>\n\t\t<\/div>\n\t\t\t\t\t<\/div>\n\t\t<\/section>\n\t\t\t\t<section class=\"elementor-section elementor-top-section elementor-element elementor-element-b45efd6 elementor-section-boxed elementor-section-height-default elementor-section-height-default\" data-id=\"b45efd6\" data-element_type=\"section\" data-e-type=\"section\">\n\t\t\t\t\t\t<div class=\"elementor-container elementor-column-gap-default\">\n\t\t\t\t\t<div class=\"elementor-column elementor-col-100 elementor-top-column elementor-element elementor-element-071ead9\" data-id=\"071ead9\" data-element_type=\"column\" data-e-type=\"column\">\n\t\t\t<div class=\"elementor-widget-wrap\">\n\t\t\t\t\t\t\t<\/div>\n\t\t<\/div>\n\t\t\t\t\t<\/div>\n\t\t<\/section>\n\t\t\t\t<section class=\"elementor-section elementor-top-section elementor-element elementor-element-d1a5a25 elementor-section-boxed elementor-section-height-default elementor-section-height-default\" data-id=\"d1a5a25\" data-element_type=\"section\" data-e-type=\"section\">\n\t\t\t\t\t\t<div class=\"elementor-container elementor-column-gap-default\">\n\t\t\t\t\t<div class=\"elementor-column elementor-col-100 elementor-top-column elementor-element elementor-element-5d9875c\" data-id=\"5d9875c\" data-element_type=\"column\" data-e-type=\"column\">\n\t\t\t<div class=\"elementor-widget-wrap\">\n\t\t\t\t\t\t\t<\/div>\n\t\t<\/div>\n\t\t\t\t\t<\/div>\n\t\t<\/section>\n\t\t\t\t<\/div>","protected":false},"excerpt":{"rendered":"<p>Situ\u00e9 \u00e0 Pl\u00e9neuf Val-Andr\u00e9, dans les c\u00f4tes d&rsquo;armor.Sp\u00e9cialis\u00e9 en CAO sur Solidworks. En savoir plus Vincent B\u00e9nistant06.18.947.946vbenistant@seretudes.fr Conception CAO Etudes compl\u00e8tes Mod\u00e9lisation 3D Plans de d\u00e9tails Pr\u00e9dimensionnement El\u00e9ments standards Fabrication Mat\u00e9riaux Syst\u00e8mes, Ch\u00e2ssis, tuyauterie, skids, m\u00e9canique, automatismes, robotique, manutention&#8230;<\/p>","protected":false},"author":1,"featured_media":0,"parent":0,"menu_order":2,"comment_status":"closed","ping_status":"closed","template":"","meta":{"footnotes":""},"class_list":["post-11","page","type-page","status-publish","hentry"],"yoast_head":"<!-- This site is optimized with the Yoast SEO plugin v24.1 - https:\/\/yoast.com\/wordpress\/plugins\/seo\/ -->\n<title>Dessinateurs projeteurs partenaires - Nous contacter<\/title>\n<meta name=\"description\" content=\"Bas\u00e9s en Bretagne et r\u00e9gion Parisienne, nous intervenons \u00e0 distance pour la grande majorit\u00e9 de nos clients -&gt; Nos coordonn\u00e9es\" \/>\n<meta name=\"robots\" content=\"index, follow, max-snippet:-1, max-image-preview:large, max-video-preview:-1\" \/>\n<link rel=\"canonical\" href=\"https:\/\/seretudes.com\/en\/contact\/\" \/>\n<meta property=\"og:locale\" content=\"en_GB\" \/>\n<meta property=\"og:type\" content=\"article\" \/>\n<meta property=\"og:title\" content=\"Dessinateurs projeteurs partenaires - Nous contacter\" \/>\n<meta property=\"og:description\" content=\"Bas\u00e9s en Bretagne et r\u00e9gion Parisienne, nous intervenons \u00e0 distance pour la grande majorit\u00e9 de nos clients -&gt; Nos coordonn\u00e9es\" \/>\n<meta property=\"og:url\" content=\"https:\/\/seretudes.com\/en\/contact\/\" \/>\n<meta property=\"article:modified_time\" content=\"2025-08-29T10:31:03+00:00\" \/>\n<meta property=\"og:image\" content=\"https:\/\/seretudes.com\/wp-content\/uploads\/elementor\/thumbs\/photo-1-raytm7r1dkoey40aszbdfvu5i12vqxme0lb5x8sfbc.jpg\" \/>\n<meta name=\"twitter:card\" content=\"summary_large_image\" \/>\n<meta name=\"twitter:label1\" content=\"Estimated reading time\" \/>\n\t<meta name=\"twitter:data1\" content=\"1 minute\" \/>\n<script type=\"application\/ld+json\" class=\"yoast-schema-graph\">{\"@context\":\"https:\/\/schema.org\",\"@graph\":[{\"@type\":\"WebPage\",\"@id\":\"https:\/\/seretudes.com\/contact\/\",\"url\":\"https:\/\/seretudes.com\/contact\/\",\"name\":\"Dessinateurs projeteurs partenaires - Nous contacter\",\"isPartOf\":{\"@id\":\"https:\/\/seretudes.com\/#website\"},\"primaryImageOfPage\":{\"@id\":\"https:\/\/seretudes.com\/contact\/#primaryimage\"},\"image\":{\"@id\":\"https:\/\/seretudes.com\/contact\/#primaryimage\"},\"thumbnailUrl\":\"https:\/\/seretudes.com\/wp-content\/uploads\/elementor\/thumbs\/photo-1-raytm7r1dkoey40aszbdfvu5i12vqxme0lb5x8sfbc.jpg\",\"datePublished\":\"2018-09-18T16:25:25+00:00\",\"dateModified\":\"2025-08-29T10:31:03+00:00\",\"description\":\"Bas\u00e9s en Bretagne et r\u00e9gion Parisienne, nous intervenons \u00e0 distance pour la grande majorit\u00e9 de nos clients -> Nos coordonn\u00e9es\",\"breadcrumb\":{\"@id\":\"https:\/\/seretudes.com\/contact\/#breadcrumb\"},\"inLanguage\":\"en-GB\",\"potentialAction\":[{\"@type\":\"ReadAction\",\"target\":[\"https:\/\/seretudes.com\/contact\/\"]}]},{\"@type\":\"ImageObject\",\"inLanguage\":\"en-GB\",\"@id\":\"https:\/\/seretudes.com\/contact\/#primaryimage\",\"url\":\"https:\/\/seretudes.com\/wp-content\/uploads\/elementor\/thumbs\/photo-1-raytm7r1dkoey40aszbdfvu5i12vqxme0lb5x8sfbc.jpg\",\"contentUrl\":\"https:\/\/seretudes.com\/wp-content\/uploads\/elementor\/thumbs\/photo-1-raytm7r1dkoey40aszbdfvu5i12vqxme0lb5x8sfbc.jpg\"},{\"@type\":\"BreadcrumbList\",\"@id\":\"https:\/\/seretudes.com\/contact\/#breadcrumb\",\"itemListElement\":[{\"@type\":\"ListItem\",\"position\":1,\"name\":\"Accueil\",\"item\":\"https:\/\/seretudes.com\/\"},{\"@type\":\"ListItem\",\"position\":2,\"name\":\"Contactez-nous\"}]},{\"@type\":\"WebSite\",\"@id\":\"https:\/\/seretudes.com\/#website\",\"url\":\"https:\/\/seretudes.com\/\",\"name\":\"S E R E T U D E S\",\"description\":\"Solution Efficace et R\u00e9active, aux entreprises ayants des besoins ponctuels ou r\u00e9guliers en CAO.\",\"publisher\":{\"@id\":\"https:\/\/seretudes.com\/#organization\"},\"potentialAction\":[{\"@type\":\"SearchAction\",\"target\":{\"@type\":\"EntryPoint\",\"urlTemplate\":\"https:\/\/seretudes.com\/?s={search_term_string}\"},\"query-input\":{\"@type\":\"PropertyValueSpecification\",\"valueRequired\":true,\"valueName\":\"search_term_string\"}}],\"inLanguage\":\"en-GB\"},{\"@type\":\"Organization\",\"@id\":\"https:\/\/seretudes.com\/#organization\",\"name\":\"Seretudes\",\"url\":\"https:\/\/seretudes.com\/\",\"logo\":{\"@type\":\"ImageObject\",\"inLanguage\":\"en-GB\",\"@id\":\"https:\/\/seretudes.com\/#\/schema\/logo\/image\/\",\"url\":\"https:\/\/seretudes.com\/wp-content\/uploads\/2019\/02\/SERETUDE_logo_1-3-e1551093177621.jpg\",\"contentUrl\":\"https:\/\/seretudes.com\/wp-content\/uploads\/2019\/02\/SERETUDE_logo_1-3-e1551093177621.jpg\",\"width\":935,\"height\":195,\"caption\":\"Seretudes\"},\"image\":{\"@id\":\"https:\/\/seretudes.com\/#\/schema\/logo\/image\/\"}}]}<\/script>\n<!-- \/ Yoast SEO plugin. -->","yoast_head_json":{"title":"Dessinateurs projeteurs partenaires - Nous contacter","description":"Bas\u00e9s en Bretagne et r\u00e9gion Parisienne, nous intervenons \u00e0 distance pour la grande majorit\u00e9 de nos clients -> Nos coordonn\u00e9es","robots":{"index":"index","follow":"follow","max-snippet":"max-snippet:-1","max-image-preview":"max-image-preview:large","max-video-preview":"max-video-preview:-1"},"canonical":"https:\/\/seretudes.com\/en\/contact\/","og_locale":"en_GB","og_type":"article","og_title":"Dessinateurs projeteurs partenaires - Nous contacter","og_description":"Bas\u00e9s en Bretagne et r\u00e9gion Parisienne, nous intervenons \u00e0 distance pour la grande majorit\u00e9 de nos clients -> Nos coordonn\u00e9es","og_url":"https:\/\/seretudes.com\/en\/contact\/","article_modified_time":"2025-08-29T10:31:03+00:00","og_image":[{"url":"https:\/\/seretudes.com\/wp-content\/uploads\/elementor\/thumbs\/photo-1-raytm7r1dkoey40aszbdfvu5i12vqxme0lb5x8sfbc.jpg","type":"","width":"","height":""}],"twitter_card":"summary_large_image","twitter_misc":{"Estimated reading time":"1 minute"},"schema":{"@context":"https:\/\/schema.org","@graph":[{"@type":"WebPage","@id":"https:\/\/seretudes.com\/contact\/","url":"https:\/\/seretudes.com\/contact\/","name":"Dessinateurs projeteurs partenaires - Nous contacter","isPartOf":{"@id":"https:\/\/seretudes.com\/#website"},"primaryImageOfPage":{"@id":"https:\/\/seretudes.com\/contact\/#primaryimage"},"image":{"@id":"https:\/\/seretudes.com\/contact\/#primaryimage"},"thumbnailUrl":"https:\/\/seretudes.com\/wp-content\/uploads\/elementor\/thumbs\/photo-1-raytm7r1dkoey40aszbdfvu5i12vqxme0lb5x8sfbc.jpg","datePublished":"2018-09-18T16:25:25+00:00","dateModified":"2025-08-29T10:31:03+00:00","description":"Bas\u00e9s en Bretagne et r\u00e9gion Parisienne, nous intervenons \u00e0 distance pour la grande majorit\u00e9 de nos clients -> Nos coordonn\u00e9es","breadcrumb":{"@id":"https:\/\/seretudes.com\/contact\/#breadcrumb"},"inLanguage":"en-GB","potentialAction":[{"@type":"ReadAction","target":["https:\/\/seretudes.com\/contact\/"]}]},{"@type":"ImageObject","inLanguage":"en-GB","@id":"https:\/\/seretudes.com\/contact\/#primaryimage","url":"https:\/\/seretudes.com\/wp-content\/uploads\/elementor\/thumbs\/photo-1-raytm7r1dkoey40aszbdfvu5i12vqxme0lb5x8sfbc.jpg","contentUrl":"https:\/\/seretudes.com\/wp-content\/uploads\/elementor\/thumbs\/photo-1-raytm7r1dkoey40aszbdfvu5i12vqxme0lb5x8sfbc.jpg"},{"@type":"BreadcrumbList","@id":"https:\/\/seretudes.com\/contact\/#breadcrumb","itemListElement":[{"@type":"ListItem","position":1,"name":"Accueil","item":"https:\/\/seretudes.com\/"},{"@type":"ListItem","position":2,"name":"Contactez-nous"}]},{"@type":"WebSite","@id":"https:\/\/seretudes.com\/#website","url":"https:\/\/seretudes.com\/","name":"S E R E T U D E S","description":"Efficient and Responsive Solution for companies looking for one-off or regular CAD services","publisher":{"@id":"https:\/\/seretudes.com\/#organization"},"potentialAction":[{"@type":"SearchAction","target":{"@type":"EntryPoint","urlTemplate":"https:\/\/seretudes.com\/?s={search_term_string}"},"query-input":{"@type":"PropertyValueSpecification","valueRequired":true,"valueName":"search_term_string"}}],"inLanguage":"en-GB"},{"@type":"Organization","@id":"https:\/\/seretudes.com\/#organization","name":"Seretudes","url":"https:\/\/seretudes.com\/","logo":{"@type":"ImageObject","inLanguage":"en-GB","@id":"https:\/\/seretudes.com\/#\/schema\/logo\/image\/","url":"https:\/\/seretudes.com\/wp-content\/uploads\/2019\/02\/SERETUDE_logo_1-3-e1551093177621.jpg","contentUrl":"https:\/\/seretudes.com\/wp-content\/uploads\/2019\/02\/SERETUDE_logo_1-3-e1551093177621.jpg","width":935,"height":195,"caption":"Seretudes"},"image":{"@id":"https:\/\/seretudes.com\/#\/schema\/logo\/image\/"}}]}},"jetpack_sharing_enabled":false,"_links":{"self":[{"href":"https:\/\/seretudes.com\/en\/wp-json\/wp\/v2\/pages\/11","targetHints":{"allow":["GET"]}}],"collection":[{"href":"https:\/\/seretudes.com\/en\/wp-json\/wp\/v2\/pages"}],"about":[{"href":"https:\/\/seretudes.com\/en\/wp-json\/wp\/v2\/types\/page"}],"author":[{"embeddable":true,"href":"https:\/\/seretudes.com\/en\/wp-json\/wp\/v2\/users\/1"}],"replies":[{"embeddable":true,"href":"https:\/\/seretudes.com\/en\/wp-json\/wp\/v2\/comments?post=11"}],"version-history":[{"count":95,"href":"https:\/\/seretudes.com\/en\/wp-json\/wp\/v2\/pages\/11\/revisions"}],"predecessor-version":[{"id":2074,"href":"https:\/\/seretudes.com\/en\/wp-json\/wp\/v2\/pages\/11\/revisions\/2074"}],"wp:attachment":[{"href":"https:\/\/seretudes.com\/en\/wp-json\/wp\/v2\/media?parent=11"}],"curies":[{"name":"wp","href":"https:\/\/api.w.org\/{rel}","templated":true}]}}