{"id":1296,"date":"2021-02-08T22:48:16","date_gmt":"2021-02-08T21:48:16","guid":{"rendered":"https:\/\/seretudes.com\/?page_id=1296"},"modified":"2021-08-31T08:58:58","modified_gmt":"2021-08-31T06:58:58","slug":"nous-choisir-moyens","status":"publish","type":"page","link":"https:\/\/seretudes.com\/en\/nous-choisir-moyens\/","title":{"rendered":"WORKING WITH US"},"content":{"rendered":"<div data-elementor-type=\"wp-page\" data-elementor-id=\"1296\" class=\"elementor elementor-1296\">\n\t\t\t\t\t\t<section class=\"elementor-section elementor-top-section elementor-element elementor-element-125e82d elementor-section-boxed elementor-section-height-default elementor-section-height-default\" data-id=\"125e82d\" data-element_type=\"section\" data-e-type=\"section\">\n\t\t\t\t\t\t<div class=\"elementor-container elementor-column-gap-default\">\n\t\t\t\t\t<div class=\"elementor-column elementor-col-33 elementor-top-column elementor-element elementor-element-bec7e7f\" data-id=\"bec7e7f\" data-element_type=\"column\" data-e-type=\"column\">\n\t\t\t<div class=\"elementor-widget-wrap elementor-element-populated\">\n\t\t\t\t\t\t<div class=\"elementor-element elementor-element-bd383b6 elementor-align-start elementor-icon-list--layout-traditional elementor-list-item-link-full_width elementor-widget elementor-widget-icon-list\" data-id=\"bd383b6\" data-element_type=\"widget\" data-e-type=\"widget\" data-widget_type=\"icon-list.default\">\n\t\t\t\t<div class=\"elementor-widget-container\">\n\t\t\t\t\t\t\t<ul class=\"elementor-icon-list-items\">\n\t\t\t\t\t\t\t<li class=\"elementor-icon-list-item\">\n\t\t\t\t\t\t\t\t\t\t\t<a href=\"https:\/\/seretudes.com\/en\/nous-choisir\/\">\n\n\t\t\t\t\t\t\t\t\t\t\t\t<span class=\"elementor-icon-list-icon\">\n\t\t\t\t\t\t\t<i aria-hidden=\"true\" class=\"fas fa-mouse-pointer\"><\/i>\t\t\t\t\t\t<\/span>\n\t\t\t\t\t\t\t\t\t\t<span class=\"elementor-icon-list-text\">About<\/span>\n\t\t\t\t\t\t\t\t\t\t\t<\/a>\n\t\t\t\t\t\t\t\t\t<\/li>\n\t\t\t\t\t\t\t\t<li class=\"elementor-icon-list-item\">\n\t\t\t\t\t\t\t\t\t\t\t<a href=\"https:\/\/seretudes.com\/en\/nous-choisir-independant\/\">\n\n\t\t\t\t\t\t\t\t\t\t\t\t<span class=\"elementor-icon-list-icon\">\n\t\t\t\t\t\t\t<i aria-hidden=\"true\" class=\"fas fa-mouse-pointer\"><\/i>\t\t\t\t\t\t<\/span>\n\t\t\t\t\t\t\t\t\t\t<span class=\"elementor-icon-list-text\">Why a freelancer ?<\/span>\n\t\t\t\t\t\t\t\t\t\t\t<\/a>\n\t\t\t\t\t\t\t\t\t<\/li>\n\t\t\t\t\t\t\t\t<li class=\"elementor-icon-list-item\">\n\t\t\t\t\t\t\t\t\t\t\t<a href=\"https:\/\/seretudes.com\/en\/nous-choisir-distance\/\">\n\n\t\t\t\t\t\t\t\t\t\t\t\t<span class=\"elementor-icon-list-icon\">\n\t\t\t\t\t\t\t<i aria-hidden=\"true\" class=\"fas fa-mouse-pointer\"><\/i>\t\t\t\t\t\t<\/span>\n\t\t\t\t\t\t\t\t\t\t<span class=\"elementor-icon-list-text\">Remote CAD designer<\/span>\n\t\t\t\t\t\t\t\t\t\t\t<\/a>\n\t\t\t\t\t\t\t\t\t<\/li>\n\t\t\t\t\t\t<\/ul>\n\t\t\t\t\t\t<\/div>\n\t\t\t\t<\/div>\n\t\t\t\t<div class=\"elementor-element elementor-element-f3f5acf elementor-align-start elementor-icon-list--layout-traditional elementor-list-item-link-full_width elementor-widget elementor-widget-icon-list\" data-id=\"f3f5acf\" data-element_type=\"widget\" data-e-type=\"widget\" data-widget_type=\"icon-list.default\">\n\t\t\t\t<div class=\"elementor-widget-container\">\n\t\t\t\t\t\t\t<ul class=\"elementor-icon-list-items\">\n\t\t\t\t\t\t\t<li class=\"elementor-icon-list-item\">\n\t\t\t\t\t\t\t\t\t\t\t<a href=\"https:\/\/seretudes.com\/en\/nous-choisir-moyens\/\">\n\n\t\t\t\t\t\t\t\t\t\t\t\t<span class=\"elementor-icon-list-icon\">\n\t\t\t\t\t\t\t<i aria-hidden=\"true\" class=\"fas fa-mouse-pointer\"><\/i>\t\t\t\t\t\t<\/span>\n\t\t\t\t\t\t\t\t\t\t<span class=\"elementor-icon-list-text\">Means<\/span>\n\t\t\t\t\t\t\t\t\t\t\t<\/a>\n\t\t\t\t\t\t\t\t\t<\/li>\n\t\t\t\t\t\t\t\t<li class=\"elementor-icon-list-item\">\n\t\t\t\t\t\t\t\t\t\t\t<a href=\"https:\/\/seretudes.com\/en\/contact\/\">\n\n\t\t\t\t\t\t\t\t\t\t\t\t<span class=\"elementor-icon-list-icon\">\n\t\t\t\t\t\t\t<i aria-hidden=\"true\" class=\"fas fa-mouse-pointer\"><\/i>\t\t\t\t\t\t<\/span>\n\t\t\t\t\t\t\t\t\t\t<span class=\"elementor-icon-list-text\">Find more about us<\/span>\n\t\t\t\t\t\t\t\t\t\t\t<\/a>\n\t\t\t\t\t\t\t\t\t<\/li>\n\t\t\t\t\t\t\t\t<li class=\"elementor-icon-list-item\">\n\t\t\t\t\t\t\t\t\t\t\t<a href=\"https:\/\/seretudes.com\/en\/tarifs\/\">\n\n\t\t\t\t\t\t\t\t\t\t\t\t<span class=\"elementor-icon-list-icon\">\n\t\t\t\t\t\t\t<i aria-hidden=\"true\" class=\"fas fa-mouse-pointer\"><\/i>\t\t\t\t\t\t<\/span>\n\t\t\t\t\t\t\t\t\t\t<span class=\"elementor-icon-list-text\">Our prices<\/span>\n\t\t\t\t\t\t\t\t\t\t\t<\/a>\n\t\t\t\t\t\t\t\t\t<\/li>\n\t\t\t\t\t\t<\/ul>\n\t\t\t\t\t\t<\/div>\n\t\t\t\t<\/div>\n\t\t\t\t\t<\/div>\n\t\t<\/div>\n\t\t\t\t<div class=\"elementor-column elementor-col-33 elementor-top-column elementor-element elementor-element-cdbb26d\" data-id=\"cdbb26d\" data-element_type=\"column\" data-e-type=\"column\">\n\t\t\t<div class=\"elementor-widget-wrap elementor-element-populated\">\n\t\t\t\t\t\t<div class=\"elementor-element elementor-element-aef2aa0 elementor-widget elementor-widget-text-editor\" data-id=\"aef2aa0\" data-element_type=\"widget\" data-e-type=\"widget\" data-widget_type=\"text-editor.default\">\n\t\t\t\t<div class=\"elementor-widget-container\">\n\t\t\t\t\t\t\t\t\t<p style=\"margin: 0cm 0cm 0.0001pt; font-family: Calibri, sans-serif; caret-color: #000000; color: #000000; font-style: normal; font-variant-caps: normal; letter-spacing: normal; text-align: start; text-indent: 0px; text-transform: none; white-space: normal; word-spacing: 0px; -webkit-text-stroke-width: 0px; text-decoration: none; vertical-align: baseline;\"><span style=\"color: #7a7a7a; font-family: Arial, sans-serif;\"><span style=\"font-size: x-large;\"><b>Means<\/b><\/span><\/span><span style=\"font-size: 10.5pt; font-weight: normal; color: #7a7a7a; font-family: Arial, sans-serif;\">\u00a0<\/span><\/p>\t\t\t\t\t\t\t\t<\/div>\n\t\t\t\t<\/div>\n\t\t\t\t<div class=\"elementor-element elementor-element-136d105 elementor-widget elementor-widget-text-editor\" data-id=\"136d105\" data-element_type=\"widget\" data-e-type=\"widget\" data-widget_type=\"text-editor.default\">\n\t\t\t\t<div class=\"elementor-widget-container\">\n\t\t\t\t\t\t\t\t\t<p style=\"text-align: center;\"><strong><span style=\"color: #000000;\">CAD MEANS<\/span><\/strong><br \/>Powerful work stations<br \/>(Quadro P4000)<br \/>Laptop work stations<br \/>43\" 4K screens<br \/>Webcams<br \/>Printers and scanners<\/p><p style=\"text-align: center;\"><strong><span style=\"color: #000000;\">SOFTWARES<\/span><\/strong><br \/>SOLIDWORKS PROFESSIONNAL<br \/>MS Office and Onedrive<br \/>Skype, Teams<\/p><p style=\"text-align: center;\"><strong><span style=\"color: #000000;\">MANUFACTURING:<\/span><\/strong><br \/>Imprimante 3D Artillery Sidewinder X1<br \/>Printing your parts in various material grads such as (ABS, PLA, Nylon, PETG, etc\u2026)<\/p>\t\t\t\t\t\t\t\t<\/div>\n\t\t\t\t<\/div>\n\t\t\t\t<div class=\"elementor-element elementor-element-c3ba657 elementor-widget elementor-widget-image\" data-id=\"c3ba657\" data-element_type=\"widget\" data-e-type=\"widget\" data-widget_type=\"image.default\">\n\t\t\t\t<div class=\"elementor-widget-container\">\n\t\t\t\t\t\t\t\t\t\t\t\t<figure class=\"wp-caption\">\n\t\t\t\t\t\t\t\t\t\t<img decoding=\"async\" width=\"150\" height=\"150\" src=\"https:\/\/seretudes.com\/wp-content\/uploads\/2018\/11\/logo-solid-150x150.jpg\" class=\"attachment-thumbnail size-thumbnail wp-image-463\" alt=\"Dessinateur projeteur m\u00e9canique ind\u00e9pendant sp\u00e9cialis\u00e9 sur solidworks\" srcset=\"https:\/\/seretudes.com\/wp-content\/uploads\/2018\/11\/logo-solid-150x150.jpg 150w, https:\/\/seretudes.com\/wp-content\/uploads\/2018\/11\/logo-solid.jpg 225w\" sizes=\"(max-width: 150px) 100vw, 150px\" \/>\t\t\t\t\t\t\t\t\t\t\t<figcaption class=\"widget-image-caption wp-caption-text\">We possess our own Solidworks official licenses<\/figcaption>\n\t\t\t\t\t\t\t\t\t\t<\/figure>\n\t\t\t\t\t\t\t\t\t<\/div>\n\t\t\t\t<\/div>\n\t\t\t\t\t<\/div>\n\t\t<\/div>\n\t\t\t\t<div class=\"elementor-column elementor-col-33 elementor-top-column elementor-element elementor-element-487baf9\" data-id=\"487baf9\" data-element_type=\"column\" data-e-type=\"column\">\n\t\t\t<div class=\"elementor-widget-wrap elementor-element-populated\">\n\t\t\t\t\t\t<div class=\"elementor-element elementor-element-433ee14 elementor-widget elementor-widget-image\" data-id=\"433ee14\" data-element_type=\"widget\" data-e-type=\"widget\" data-widget_type=\"image.default\">\n\t\t\t\t<div class=\"elementor-widget-container\">\n\t\t\t\t\t\t\t\t\t\t\t\t\t\t\t<img fetchpriority=\"high\" decoding=\"async\" width=\"960\" height=\"747\" src=\"https:\/\/seretudes.com\/wp-content\/uploads\/2018\/10\/bureau-1024x797.jpg\" class=\"attachment-large size-large wp-image-415\" alt=\"Rendu r\u00e9aliste mod\u00e8le 3D d&#039;un bureau\" srcset=\"https:\/\/seretudes.com\/wp-content\/uploads\/2018\/10\/bureau-1024x797.jpg 1024w, https:\/\/seretudes.com\/wp-content\/uploads\/2018\/10\/bureau-300x234.jpg 300w, https:\/\/seretudes.com\/wp-content\/uploads\/2018\/10\/bureau-768x598.jpg 768w, https:\/\/seretudes.com\/wp-content\/uploads\/2018\/10\/bureau-624x486.jpg 624w, https:\/\/seretudes.com\/wp-content\/uploads\/2018\/10\/bureau.jpg 1408w\" sizes=\"(max-width: 960px) 100vw, 960px\" \/>\t\t\t\t\t\t\t\t\t\t\t\t\t\t\t<\/div>\n\t\t\t\t<\/div>\n\t\t\t\t<div class=\"elementor-element elementor-element-9e8352d elementor-widget elementor-widget-image\" data-id=\"9e8352d\" data-element_type=\"widget\" data-e-type=\"widget\" data-widget_type=\"image.default\">\n\t\t\t\t<div class=\"elementor-widget-container\">\n\t\t\t\t\t\t\t\t\t\t\t\t\t\t\t<img decoding=\"async\" src=\"https:\/\/seretudes.com\/wp-content\/uploads\/elementor\/thumbs\/quadro-k5200-nxbkbypz98gct0lhtjz58tt9wy167o6ldkybkdixuk.png\" title=\"quadro-k5200\" alt=\"quadro-k5200\" loading=\"lazy\" \/>\t\t\t\t\t\t\t\t\t\t\t\t\t\t\t<\/div>\n\t\t\t\t<\/div>\n\t\t\t\t\t<\/div>\n\t\t<\/div>\n\t\t\t\t\t<\/div>\n\t\t<\/section>\n\t\t\t\t<section class=\"elementor-section elementor-top-section elementor-element elementor-element-4c411d8 elementor-section-boxed elementor-section-height-default elementor-section-height-default\" data-id=\"4c411d8\" data-element_type=\"section\" data-e-type=\"section\">\n\t\t\t\t\t\t<div class=\"elementor-container elementor-column-gap-default\">\n\t\t\t\t\t<div class=\"elementor-column elementor-col-33 elementor-top-column elementor-element elementor-element-383db0d\" data-id=\"383db0d\" data-element_type=\"column\" data-e-type=\"column\">\n\t\t\t<div class=\"elementor-widget-wrap\">\n\t\t\t\t\t\t\t<\/div>\n\t\t<\/div>\n\t\t\t\t<div class=\"elementor-column elementor-col-33 elementor-top-column elementor-element elementor-element-17287e3\" data-id=\"17287e3\" data-element_type=\"column\" data-e-type=\"column\">\n\t\t\t<div class=\"elementor-widget-wrap elementor-element-populated\">\n\t\t\t\t\t\t<div class=\"elementor-element elementor-element-ad22285 elementor-widget elementor-widget-text-editor\" data-id=\"ad22285\" data-element_type=\"widget\" data-e-type=\"widget\" data-widget_type=\"text-editor.default\">\n\t\t\t\t<div class=\"elementor-widget-container\">\n\t\t\t\t\t\t\t\t\t<p><span style=\"font-size: 14px; color: var( --e-global-color-text ); font-family: var( --e-global-typography-text-font-family ), Sans-serif;\">Examples of 3D printed parts:<\/span><\/p>\t\t\t\t\t\t\t\t<\/div>\n\t\t\t\t<\/div>\n\t\t\t\t<div class=\"elementor-element elementor-element-c0ba6c2 elementor-widget elementor-widget-image\" data-id=\"c0ba6c2\" data-element_type=\"widget\" data-e-type=\"widget\" data-widget_type=\"image.default\">\n\t\t\t\t<div class=\"elementor-widget-container\">\n\t\t\t\t\t\t\t\t\t\t\t\t\t\t\t<img decoding=\"async\" width=\"703\" height=\"600\" src=\"https:\/\/seretudes.com\/wp-content\/uploads\/2018\/09\/boite-copier.jpg\" class=\"attachment-large size-large wp-image-210\" alt=\"Photo d&#039;un boitier sp\u00e9cial prototype imprim\u00e9 par impression 3D\" srcset=\"https:\/\/seretudes.com\/wp-content\/uploads\/2018\/09\/boite-copier.jpg 703w, https:\/\/seretudes.com\/wp-content\/uploads\/2018\/09\/boite-copier-300x256.jpg 300w\" sizes=\"(max-width: 703px) 100vw, 703px\" \/>\t\t\t\t\t\t\t\t\t\t\t\t\t\t\t<\/div>\n\t\t\t\t<\/div>\n\t\t\t\t<div class=\"elementor-element elementor-element-452beaa elementor-widget elementor-widget-image\" data-id=\"452beaa\" data-element_type=\"widget\" data-e-type=\"widget\" data-widget_type=\"image.default\">\n\t\t\t\t<div class=\"elementor-widget-container\">\n\t\t\t\t\t\t\t\t\t\t\t\t\t\t\t<img loading=\"lazy\" decoding=\"async\" width=\"960\" height=\"720\" src=\"https:\/\/seretudes.com\/wp-content\/uploads\/2018\/09\/impression-5-1024x768.jpg\" class=\"attachment-large size-large wp-image-208\" alt=\"Photos de pi\u00e8ces m\u00e9caniques sp\u00e9ciales imprim\u00e9es en impression 3D\" srcset=\"https:\/\/seretudes.com\/wp-content\/uploads\/2018\/09\/impression-5-1024x768.jpg 1024w, https:\/\/seretudes.com\/wp-content\/uploads\/2018\/09\/impression-5-300x225.jpg 300w, https:\/\/seretudes.com\/wp-content\/uploads\/2018\/09\/impression-5-768x576.jpg 768w, https:\/\/seretudes.com\/wp-content\/uploads\/2018\/09\/impression-5-1200x900.jpg 1200w, https:\/\/seretudes.com\/wp-content\/uploads\/2018\/09\/impression-5.jpg 1296w\" sizes=\"(max-width: 960px) 100vw, 960px\" \/>\t\t\t\t\t\t\t\t\t\t\t\t\t\t\t<\/div>\n\t\t\t\t<\/div>\n\t\t\t\t\t<\/div>\n\t\t<\/div>\n\t\t\t\t<div class=\"elementor-column elementor-col-33 elementor-top-column elementor-element elementor-element-d49480a\" data-id=\"d49480a\" data-element_type=\"column\" data-e-type=\"column\">\n\t\t\t<div class=\"elementor-widget-wrap elementor-element-populated\">\n\t\t\t\t\t\t<div class=\"elementor-element elementor-element-dd02247 elementor-widget elementor-widget-image\" data-id=\"dd02247\" data-element_type=\"widget\" data-e-type=\"widget\" data-widget_type=\"image.default\">\n\t\t\t\t<div class=\"elementor-widget-container\">\n\t\t\t\t\t\t\t\t\t\t\t\t\t\t\t<img loading=\"lazy\" decoding=\"async\" width=\"768\" height=\"1024\" src=\"https:\/\/seretudes.com\/wp-content\/uploads\/2018\/09\/vis-sortie-1-768x1024.jpg\" class=\"attachment-large size-large wp-image-209\" alt=\"Photo d&#039;un composant m\u00e9canique sp\u00e9cial prototype imprim\u00e9 par impression 3D\" srcset=\"https:\/\/seretudes.com\/wp-content\/uploads\/2018\/09\/vis-sortie-1-768x1024.jpg 768w, https:\/\/seretudes.com\/wp-content\/uploads\/2018\/09\/vis-sortie-1-225x300.jpg 225w, https:\/\/seretudes.com\/wp-content\/uploads\/2018\/09\/vis-sortie-1-1200x1600.jpg 1200w\" sizes=\"(max-width: 768px) 100vw, 768px\" \/>\t\t\t\t\t\t\t\t\t\t\t\t\t\t\t<\/div>\n\t\t\t\t<\/div>\n\t\t\t\t<div class=\"elementor-element elementor-element-50e3eb4 elementor-widget elementor-widget-image\" data-id=\"50e3eb4\" data-element_type=\"widget\" data-e-type=\"widget\" data-widget_type=\"image.default\">\n\t\t\t\t<div class=\"elementor-widget-container\">\n\t\t\t\t\t\t\t\t\t\t\t\t\t\t\t<img loading=\"lazy\" decoding=\"async\" width=\"960\" height=\"720\" src=\"https:\/\/seretudes.com\/wp-content\/uploads\/2018\/09\/profiles-1-1024x768.jpg\" class=\"attachment-large size-large wp-image-211\" alt=\"Photo d&#039;un profil sp\u00e9cial prototype imprim\u00e9 par impression 3D\" srcset=\"https:\/\/seretudes.com\/wp-content\/uploads\/2018\/09\/profiles-1-1024x768.jpg 1024w, https:\/\/seretudes.com\/wp-content\/uploads\/2018\/09\/profiles-1-300x225.jpg 300w, https:\/\/seretudes.com\/wp-content\/uploads\/2018\/09\/profiles-1-768x576.jpg 768w, https:\/\/seretudes.com\/wp-content\/uploads\/2018\/09\/profiles-1-1200x900.jpg 1200w\" sizes=\"(max-width: 960px) 100vw, 960px\" \/>\t\t\t\t\t\t\t\t\t\t\t\t\t\t\t<\/div>\n\t\t\t\t<\/div>\n\t\t\t\t\t<\/div>\n\t\t<\/div>\n\t\t\t\t\t<\/div>\n\t\t<\/section>\n\t\t\t\t<\/div>","protected":false},"excerpt":{"rendered":"<p>A propos Le choix d&rsquo;un ind\u00e9pendant Le travail \u00e0 distance Moyens En savoir plus sur nous Nos tarifs Moyens\u00a0 MATERIEL CAO :Postes de travail performants(Quadro P4000)Stations mobilesEcrans 43&Prime; 4KWebcamsImprimantes \/ Scanner LOGICIELS :SOLIDWORKS PROFESSIONNELSuite office, OnedriveSkype, Teams FABRICATION :Imprimante 3D Artillery Sidewinder X1R\u00e9alisation de vos pi\u00e8ces en diff\u00e9rentes mati\u00e8res (ABS, PLA, Nylon, PETG, etc&#8230;) Nous [&hellip;]<\/p>\n","protected":false},"author":4,"featured_media":0,"parent":0,"menu_order":0,"comment_status":"closed","ping_status":"closed","template":"","meta":{"footnotes":""},"class_list":["post-1296","page","type-page","status-publish","hentry"],"yoast_head":"<!-- This site is optimized with the Yoast SEO plugin v24.1 - https:\/\/yoast.com\/wordpress\/plugins\/seo\/ -->\n<title>Nous choisir -<\/title>\n<meta name=\"robots\" content=\"index, follow, max-snippet:-1, max-image-preview:large, max-video-preview:-1\" \/>\n<link rel=\"canonical\" href=\"https:\/\/seretudes.com\/en\/nous-choisir-moyens\/\" \/>\n<meta property=\"og:locale\" content=\"en_GB\" \/>\n<meta property=\"og:type\" content=\"article\" \/>\n<meta property=\"og:title\" content=\"Nous choisir -\" \/>\n<meta property=\"og:description\" content=\"A propos Le choix d&rsquo;un ind\u00e9pendant Le travail \u00e0 distance Moyens En savoir plus sur nous Nos tarifs Moyens\u00a0 MATERIEL CAO :Postes de travail performants(Quadro P4000)Stations mobilesEcrans 43&Prime; 4KWebcamsImprimantes \/ Scanner LOGICIELS :SOLIDWORKS PROFESSIONNELSuite office, OnedriveSkype, Teams FABRICATION :Imprimante 3D Artillery Sidewinder X1R\u00e9alisation de vos pi\u00e8ces en diff\u00e9rentes mati\u00e8res (ABS, PLA, Nylon, PETG, etc&#8230;) Nous [&hellip;]\" \/>\n<meta property=\"og:url\" content=\"https:\/\/seretudes.com\/en\/nous-choisir-moyens\/\" \/>\n<meta property=\"article:modified_time\" content=\"2021-08-31T06:58:58+00:00\" \/>\n<meta property=\"og:image\" content=\"https:\/\/seretudes.com\/wp-content\/uploads\/2018\/11\/logo-solid-150x150.jpg\" \/>\n<meta name=\"twitter:card\" content=\"summary_large_image\" \/>\n<script type=\"application\/ld+json\" class=\"yoast-schema-graph\">{\"@context\":\"https:\/\/schema.org\",\"@graph\":[{\"@type\":\"WebPage\",\"@id\":\"https:\/\/seretudes.com\/nous-choisir-moyens\/\",\"url\":\"https:\/\/seretudes.com\/nous-choisir-moyens\/\",\"name\":\"Nous choisir -\",\"isPartOf\":{\"@id\":\"https:\/\/seretudes.com\/#website\"},\"primaryImageOfPage\":{\"@id\":\"https:\/\/seretudes.com\/nous-choisir-moyens\/#primaryimage\"},\"image\":{\"@id\":\"https:\/\/seretudes.com\/nous-choisir-moyens\/#primaryimage\"},\"thumbnailUrl\":\"https:\/\/seretudes.com\/wp-content\/uploads\/2018\/11\/logo-solid-150x150.jpg\",\"datePublished\":\"2021-02-08T21:48:16+00:00\",\"dateModified\":\"2021-08-31T06:58:58+00:00\",\"breadcrumb\":{\"@id\":\"https:\/\/seretudes.com\/nous-choisir-moyens\/#breadcrumb\"},\"inLanguage\":\"en-GB\",\"potentialAction\":[{\"@type\":\"ReadAction\",\"target\":[\"https:\/\/seretudes.com\/nous-choisir-moyens\/\"]}]},{\"@type\":\"ImageObject\",\"inLanguage\":\"en-GB\",\"@id\":\"https:\/\/seretudes.com\/nous-choisir-moyens\/#primaryimage\",\"url\":\"https:\/\/seretudes.com\/wp-content\/uploads\/2018\/11\/logo-solid-150x150.jpg\",\"contentUrl\":\"https:\/\/seretudes.com\/wp-content\/uploads\/2018\/11\/logo-solid-150x150.jpg\"},{\"@type\":\"BreadcrumbList\",\"@id\":\"https:\/\/seretudes.com\/nous-choisir-moyens\/#breadcrumb\",\"itemListElement\":[{\"@type\":\"ListItem\",\"position\":1,\"name\":\"Accueil\",\"item\":\"https:\/\/seretudes.com\/\"},{\"@type\":\"ListItem\",\"position\":2,\"name\":\"Nous choisir\"}]},{\"@type\":\"WebSite\",\"@id\":\"https:\/\/seretudes.com\/#website\",\"url\":\"https:\/\/seretudes.com\/\",\"name\":\"S E R E T U D E S\",\"description\":\"Solution Efficace et R\u00e9active, aux entreprises ayants des besoins ponctuels ou r\u00e9guliers en CAO.\",\"publisher\":{\"@id\":\"https:\/\/seretudes.com\/#organization\"},\"potentialAction\":[{\"@type\":\"SearchAction\",\"target\":{\"@type\":\"EntryPoint\",\"urlTemplate\":\"https:\/\/seretudes.com\/?s={search_term_string}\"},\"query-input\":{\"@type\":\"PropertyValueSpecification\",\"valueRequired\":true,\"valueName\":\"search_term_string\"}}],\"inLanguage\":\"en-GB\"},{\"@type\":\"Organization\",\"@id\":\"https:\/\/seretudes.com\/#organization\",\"name\":\"Seretudes\",\"url\":\"https:\/\/seretudes.com\/\",\"logo\":{\"@type\":\"ImageObject\",\"inLanguage\":\"en-GB\",\"@id\":\"https:\/\/seretudes.com\/#\/schema\/logo\/image\/\",\"url\":\"https:\/\/seretudes.com\/wp-content\/uploads\/2019\/02\/SERETUDE_logo_1-3-e1551093177621.jpg\",\"contentUrl\":\"https:\/\/seretudes.com\/wp-content\/uploads\/2019\/02\/SERETUDE_logo_1-3-e1551093177621.jpg\",\"width\":935,\"height\":195,\"caption\":\"Seretudes\"},\"image\":{\"@id\":\"https:\/\/seretudes.com\/#\/schema\/logo\/image\/\"}}]}<\/script>\n<!-- \/ Yoast SEO plugin. -->","yoast_head_json":{"title":"Nous choisir -","robots":{"index":"index","follow":"follow","max-snippet":"max-snippet:-1","max-image-preview":"max-image-preview:large","max-video-preview":"max-video-preview:-1"},"canonical":"https:\/\/seretudes.com\/en\/nous-choisir-moyens\/","og_locale":"en_GB","og_type":"article","og_title":"Nous choisir -","og_description":"A propos Le choix d&rsquo;un ind\u00e9pendant Le travail \u00e0 distance Moyens En savoir plus sur nous Nos tarifs Moyens\u00a0 MATERIEL CAO :Postes de travail performants(Quadro P4000)Stations mobilesEcrans 43&Prime; 4KWebcamsImprimantes \/ Scanner LOGICIELS :SOLIDWORKS PROFESSIONNELSuite office, OnedriveSkype, Teams FABRICATION :Imprimante 3D Artillery Sidewinder X1R\u00e9alisation de vos pi\u00e8ces en diff\u00e9rentes mati\u00e8res (ABS, PLA, Nylon, PETG, etc&#8230;) Nous [&hellip;]","og_url":"https:\/\/seretudes.com\/en\/nous-choisir-moyens\/","article_modified_time":"2021-08-31T06:58:58+00:00","og_image":[{"url":"https:\/\/seretudes.com\/wp-content\/uploads\/2018\/11\/logo-solid-150x150.jpg","type":"","width":"","height":""}],"twitter_card":"summary_large_image","schema":{"@context":"https:\/\/schema.org","@graph":[{"@type":"WebPage","@id":"https:\/\/seretudes.com\/nous-choisir-moyens\/","url":"https:\/\/seretudes.com\/nous-choisir-moyens\/","name":"Nous choisir -","isPartOf":{"@id":"https:\/\/seretudes.com\/#website"},"primaryImageOfPage":{"@id":"https:\/\/seretudes.com\/nous-choisir-moyens\/#primaryimage"},"image":{"@id":"https:\/\/seretudes.com\/nous-choisir-moyens\/#primaryimage"},"thumbnailUrl":"https:\/\/seretudes.com\/wp-content\/uploads\/2018\/11\/logo-solid-150x150.jpg","datePublished":"2021-02-08T21:48:16+00:00","dateModified":"2021-08-31T06:58:58+00:00","breadcrumb":{"@id":"https:\/\/seretudes.com\/nous-choisir-moyens\/#breadcrumb"},"inLanguage":"en-GB","potentialAction":[{"@type":"ReadAction","target":["https:\/\/seretudes.com\/nous-choisir-moyens\/"]}]},{"@type":"ImageObject","inLanguage":"en-GB","@id":"https:\/\/seretudes.com\/nous-choisir-moyens\/#primaryimage","url":"https:\/\/seretudes.com\/wp-content\/uploads\/2018\/11\/logo-solid-150x150.jpg","contentUrl":"https:\/\/seretudes.com\/wp-content\/uploads\/2018\/11\/logo-solid-150x150.jpg"},{"@type":"BreadcrumbList","@id":"https:\/\/seretudes.com\/nous-choisir-moyens\/#breadcrumb","itemListElement":[{"@type":"ListItem","position":1,"name":"Accueil","item":"https:\/\/seretudes.com\/"},{"@type":"ListItem","position":2,"name":"Nous choisir"}]},{"@type":"WebSite","@id":"https:\/\/seretudes.com\/#website","url":"https:\/\/seretudes.com\/","name":"S E R E T U D E S","description":"Efficient and Responsive Solution for companies looking for one-off or regular CAD services","publisher":{"@id":"https:\/\/seretudes.com\/#organization"},"potentialAction":[{"@type":"SearchAction","target":{"@type":"EntryPoint","urlTemplate":"https:\/\/seretudes.com\/?s={search_term_string}"},"query-input":{"@type":"PropertyValueSpecification","valueRequired":true,"valueName":"search_term_string"}}],"inLanguage":"en-GB"},{"@type":"Organization","@id":"https:\/\/seretudes.com\/#organization","name":"Seretudes","url":"https:\/\/seretudes.com\/","logo":{"@type":"ImageObject","inLanguage":"en-GB","@id":"https:\/\/seretudes.com\/#\/schema\/logo\/image\/","url":"https:\/\/seretudes.com\/wp-content\/uploads\/2019\/02\/SERETUDE_logo_1-3-e1551093177621.jpg","contentUrl":"https:\/\/seretudes.com\/wp-content\/uploads\/2019\/02\/SERETUDE_logo_1-3-e1551093177621.jpg","width":935,"height":195,"caption":"Seretudes"},"image":{"@id":"https:\/\/seretudes.com\/#\/schema\/logo\/image\/"}}]}},"jetpack_sharing_enabled":true,"_links":{"self":[{"href":"https:\/\/seretudes.com\/en\/wp-json\/wp\/v2\/pages\/1296","targetHints":{"allow":["GET"]}}],"collection":[{"href":"https:\/\/seretudes.com\/en\/wp-json\/wp\/v2\/pages"}],"about":[{"href":"https:\/\/seretudes.com\/en\/wp-json\/wp\/v2\/types\/page"}],"author":[{"embeddable":true,"href":"https:\/\/seretudes.com\/en\/wp-json\/wp\/v2\/users\/4"}],"replies":[{"embeddable":true,"href":"https:\/\/seretudes.com\/en\/wp-json\/wp\/v2\/comments?post=1296"}],"version-history":[{"count":28,"href":"https:\/\/seretudes.com\/en\/wp-json\/wp\/v2\/pages\/1296\/revisions"}],"predecessor-version":[{"id":1764,"href":"https:\/\/seretudes.com\/en\/wp-json\/wp\/v2\/pages\/1296\/revisions\/1764"}],"wp:attachment":[{"href":"https:\/\/seretudes.com\/en\/wp-json\/wp\/v2\/media?parent=1296"}],"curies":[{"name":"wp","href":"https:\/\/api.w.org\/{rel}","templated":true}]}}