{"id":2093,"date":"2026-01-15T15:27:23","date_gmt":"2026-01-15T14:27:23","guid":{"rendered":"https:\/\/seretudes.com\/?page_id=2093"},"modified":"2026-01-15T16:02:02","modified_gmt":"2026-01-15T15:02:02","slug":"cgv","status":"publish","type":"page","link":"https:\/\/seretudes.com\/en\/cgv\/","title":{"rendered":"CGV"},"content":{"rendered":"\t\t<div data-elementor-type=\"wp-page\" data-elementor-id=\"2093\" class=\"elementor elementor-2093\">\n\t\t\t\t\t\t<section class=\"elementor-section elementor-top-section elementor-element elementor-element-3a25c3f9 elementor-section-boxed elementor-section-height-default elementor-section-height-default\" data-id=\"3a25c3f9\" data-element_type=\"section\" data-e-type=\"section\">\n\t\t\t\t\t\t<div class=\"elementor-container elementor-column-gap-default\">\n\t\t\t\t\t<div class=\"elementor-column elementor-col-100 elementor-top-column elementor-element elementor-element-31f3c039\" data-id=\"31f3c039\" data-element_type=\"column\" data-e-type=\"column\">\n\t\t\t<div class=\"elementor-widget-wrap elementor-element-populated\">\n\t\t\t\t\t\t<div class=\"elementor-element elementor-element-5575c05a elementor-widget elementor-widget-text-editor\" data-id=\"5575c05a\" data-element_type=\"widget\" data-e-type=\"widget\" data-widget_type=\"text-editor.default\">\n\t\t\t\t<div class=\"elementor-widget-container\">\n\t\t\t\t\t\t\t\t\t<h1 data-start=\"559\" data-end=\"592\">CONDITIONS G\u00c9N\u00c9RALES DE VENTE<\/h1>\n<p data-start=\"593\" data-end=\"665\"><strong data-start=\"593\" data-end=\"665\">SERETUDES &#8211; Vincent B\u00e9nistant \u2013 Dessinateur industriel ind\u00e9pendant<\/strong><\/p>\n<hr data-start=\"667\" data-end=\"670\">\n<h2 data-start=\"672\" data-end=\"697\">1. Champ d\u2019application<\/h2>\n<p data-start=\"699\" data-end=\"926\">Les pr\u00e9sentes Conditions G\u00e9n\u00e9rales de Vente (CGV) s\u2019appliquent exclusivement \u00e0 toutes prestations fournies par le Prestataire, en qualit\u00e9 de dessinateur industriel ind\u00e9pendant, aupr\u00e8s de clients professionnels uniquement.<\/p>\n<p data-start=\"928\" data-end=\"1075\">Toute commande implique l\u2019acceptation sans r\u00e9serve des pr\u00e9sentes CGV, qui pr\u00e9valent sur tout autre document du Client, sauf accord \u00e9crit contraire.<\/p>\n<hr data-start=\"1077\" data-end=\"1080\">\n<h2 data-start=\"1082\" data-end=\"1111\">2. Nature de la prestation<\/h2>\n<p data-start=\"1113\" data-end=\"1296\">Le Prestataire fournit des prestations de <strong data-start=\"1155\" data-end=\"1241\">repr\u00e9sentation graphique, mod\u00e9lisation, mise en plan et assistance \u00e0 la conception<\/strong> sur la base des informations transmises par le Client.<\/p>\n<p data-start=\"1298\" data-end=\"1358\">Le Prestataire n\u2019intervient <strong data-start=\"1326\" data-end=\"1342\">en aucun cas<\/strong> en qualit\u00e9 de :<\/p>\n<ul data-start=\"1360\" data-end=\"1569\">\n<li data-start=\"1378\" data-end=\"1397\">\n<p data-start=\"1380\" data-end=\"1397\">Ing\u00e9nieur conseil<\/p>\n<\/li>\n<li data-start=\"1398\" data-end=\"1418\">\n<p data-start=\"1400\" data-end=\"1418\">Bureau de contr\u00f4le<\/p>\n<\/li>\n<li data-start=\"1419\" data-end=\"1435\">\n<p data-start=\"1421\" data-end=\"1435\">Ma\u00eetre d\u2019\u0153uvre<\/p>\n<\/li>\n<li data-start=\"1436\" data-end=\"1458\">\n<p data-start=\"1438\" data-end=\"1458\">Responsable s\u00e9curit\u00e9<\/p>\n<\/li>\n<li data-start=\"1459\" data-end=\"1497\">\n<p data-start=\"1461\" data-end=\"1497\">Responsable conformit\u00e9 r\u00e9glementaire<\/p>\n<\/li>\n<li data-start=\"1498\" data-end=\"1509\">\n<p data-start=\"1500\" data-end=\"1509\">Fabricant<\/p>\n<\/li>\n<li data-start=\"1510\" data-end=\"1523\">\n<p data-start=\"1512\" data-end=\"1523\">Int\u00e9grateur<\/p>\n<\/li>\n<li data-start=\"1524\" data-end=\"1538\">\n<p data-start=\"1526\" data-end=\"1538\">Installateur<\/p>\n<\/li>\n<li data-start=\"1539\" data-end=\"1553\">\n<p data-start=\"1541\" data-end=\"1553\">V\u00e9rificateur<\/p>\n<\/li>\n<li data-start=\"1554\" data-end=\"1569\">\n<p data-start=\"1556\" data-end=\"1569\">Certificateur<\/p>\n<\/li>\n<\/ul>\n<p data-start=\"1571\" data-end=\"1776\">Les livrables fournis (plans, mod\u00e8les 3D, sch\u00e9mas, fichiers, etc.) ne constituent <strong data-start=\"1653\" data-end=\"1691\">ni des plans d\u2019ex\u00e9cution certifi\u00e9s<\/strong>, ni des documents de validation technique, ni des documents de conformit\u00e9 normative.<\/p>\n<hr data-start=\"1778\" data-end=\"1781\">\n<h2 data-start=\"1783\" data-end=\"1821\">3. R\u00f4le et responsabilit\u00e9 du Client<\/h2>\n<p data-start=\"1823\" data-end=\"1862\">Le Client reconna\u00eet express\u00e9ment \u00eatre :<\/p>\n<blockquote data-start=\"1864\" data-end=\"1993\">\n<p data-start=\"1866\" data-end=\"1993\"><strong data-start=\"1866\" data-end=\"1993\">Seul ma\u00eetre d\u2019ouvrage, seul concepteur d\u00e9cisionnaire et seul responsable de la s\u00e9curit\u00e9 des personnes, y compris des tiers.<\/strong><\/p>\n<\/blockquote>\n<p data-start=\"1995\" data-end=\"2067\">\u00c0 ce titre, le Client demeure <strong data-start=\"2025\" data-end=\"2045\">seul responsable<\/strong>, sans exception, de :<\/p>\n<ul data-start=\"2069\" data-end=\"2505\">\n<li data-start=\"2069\" data-end=\"2096\">\n<p data-start=\"2071\" data-end=\"2096\">Tous les choix techniques<\/p>\n<\/li>\n<li data-start=\"2097\" data-end=\"2124\">\n<p data-start=\"2099\" data-end=\"2124\">Tous les dimensionnements<\/p>\n<\/li>\n<li data-start=\"2125\" data-end=\"2157\">\n<p data-start=\"2127\" data-end=\"2157\">Tous les calculs de r\u00e9sistance<\/p>\n<\/li>\n<li data-start=\"2158\" data-end=\"2178\">\n<p data-start=\"2160\" data-end=\"2178\">Tous les mat\u00e9riaux<\/p>\n<\/li>\n<li data-start=\"2179\" data-end=\"2201\">\n<p data-start=\"2181\" data-end=\"2201\">Tous les assemblages<\/p>\n<\/li>\n<li data-start=\"2202\" data-end=\"2225\">\n<p data-start=\"2204\" data-end=\"2225\">Toutes les tol\u00e9rances<\/p>\n<\/li>\n<li data-start=\"2226\" data-end=\"2250\">\n<p data-start=\"2228\" data-end=\"2250\">Tous les usages finaux<\/p>\n<\/li>\n<li data-start=\"2251\" data-end=\"2289\">\n<p data-start=\"2253\" data-end=\"2289\">Toutes les conditions d\u2019exploitation<\/p>\n<\/li>\n<li data-start=\"2290\" data-end=\"2353\">\n<p data-start=\"2292\" data-end=\"2353\">Toutes les normes applicables (CE, machines, Eurocodes, etc.)<\/p>\n<\/li>\n<li data-start=\"2354\" data-end=\"2393\">\n<p data-start=\"2356\" data-end=\"2393\">Toutes les obligations r\u00e9glementaires<\/p>\n<\/li>\n<li data-start=\"2394\" data-end=\"2422\">\n<p data-start=\"2396\" data-end=\"2422\">Toute validation technique<\/p>\n<\/li>\n<li data-start=\"2423\" data-end=\"2453\">\n<p data-start=\"2425\" data-end=\"2453\">Toute validation de s\u00e9curit\u00e9<\/p>\n<\/li>\n<li data-start=\"2454\" data-end=\"2481\">\n<p data-start=\"2456\" data-end=\"2481\">Toute mise en fabrication<\/p>\n<\/li>\n<li data-start=\"2482\" data-end=\"2505\">\n<p data-start=\"2484\" data-end=\"2505\">Toute mise en service<\/p>\n<\/li>\n<\/ul>\n<p data-start=\"2507\" data-end=\"2704\">M\u00eame lorsque le Prestataire propose des solutions, hypoth\u00e8ses ou variantes, celles-ci sont r\u00e9put\u00e9es <strong data-start=\"2607\" data-end=\"2655\">indicatives, non certifi\u00e9es et non garanties<\/strong>. Leur validation rel\u00e8ve exclusivement du Client.<\/p>\n<hr data-start=\"2706\" data-end=\"2709\">\n<h2 data-start=\"2711\" data-end=\"2765\">4. Absence de garantie de conformit\u00e9 et de s\u00e9curit\u00e9<\/h2>\n<p data-start=\"2767\" data-end=\"2808\">Le Prestataire ne garantit en aucun cas :<\/p>\n<ul data-start=\"2810\" data-end=\"3084\">\n<li data-start=\"2810\" data-end=\"2839\">\n<p data-start=\"2812\" data-end=\"2839\">La conformit\u00e9 r\u00e9glementaire<\/p>\n<\/li>\n<li data-start=\"2840\" data-end=\"2865\">\n<p data-start=\"2842\" data-end=\"2865\">La conformit\u00e9 normative<\/p>\n<\/li>\n<li data-start=\"2866\" data-end=\"2884\">\n<p data-start=\"2868\" data-end=\"2884\">La conformit\u00e9 CE<\/p>\n<\/li>\n<li data-start=\"2885\" data-end=\"2909\">\n<p data-start=\"2887\" data-end=\"2909\">La conformit\u00e9 machines<\/p>\n<\/li>\n<li data-start=\"2910\" data-end=\"2938\">\n<p data-start=\"2912\" data-end=\"2938\">La conformit\u00e9 structurelle<\/p>\n<\/li>\n<li data-start=\"2939\" data-end=\"2968\">\n<p data-start=\"2941\" data-end=\"2968\">La conformit\u00e9 aux Eurocodes<\/p>\n<\/li>\n<li data-start=\"2969\" data-end=\"2997\">\n<p data-start=\"2971\" data-end=\"2997\">L\u2019aptitude \u00e0 l\u2019usage final<\/p>\n<\/li>\n<li data-start=\"2998\" data-end=\"3025\">\n<p data-start=\"3000\" data-end=\"3025\">La s\u00e9curit\u00e9 des personnes<\/p>\n<\/li>\n<li data-start=\"3026\" data-end=\"3051\">\n<p data-start=\"3028\" data-end=\"3051\">La r\u00e9sistance m\u00e9canique<\/p>\n<\/li>\n<li data-start=\"3052\" data-end=\"3067\">\n<p data-start=\"3054\" data-end=\"3067\">La durabilit\u00e9<\/p>\n<\/li>\n<li data-start=\"3068\" data-end=\"3084\">\n<p data-start=\"3070\" data-end=\"3084\">La performance<\/p>\n<\/li>\n<\/ul>\n<p data-start=\"3086\" data-end=\"3288\">Le Client est seul responsable de faire proc\u00e9der \u00e0 toutes v\u00e9rifications, notes de calcul, audits, essais, contr\u00f4les, certifications et validations n\u00e9cessaires avant toute fabrication ou mise en service.<\/p>\n<hr data-start=\"3290\" data-end=\"3293\">\n<h2 data-start=\"3295\" data-end=\"3328\">5. Acceptation par utilisation<\/h2>\n<p data-start=\"3330\" data-end=\"3466\">Toute utilisation, reproduction, transmission, fabrication, modification ou exploitation des livrables fournis par le Prestataire vaut :<\/p>\n<blockquote data-start=\"3468\" data-end=\"3597\">\n<p data-start=\"3470\" data-end=\"3597\">Acceptation pleine, enti\u00e8re et irr\u00e9vocable des choix techniques, hypoth\u00e8ses, limites, risques et responsabilit\u00e9s par le Client.<\/p>\n<\/blockquote>\n<hr data-start=\"3599\" data-end=\"3602\">\n<h2 data-start=\"3604\" data-end=\"3637\">6. Exclusion de responsabilit\u00e9<\/h2>\n<p data-start=\"3639\" data-end=\"3734\">Le Prestataire ne pourra en aucun cas \u00eatre tenu responsable, directement ou indirectement, de :<\/p>\n<ul data-start=\"3736\" data-end=\"4115\">\n<li data-start=\"3736\" data-end=\"3759\">\n<p data-start=\"3738\" data-end=\"3759\">Tout dommage corporel<\/p>\n<\/li>\n<li data-start=\"3760\" data-end=\"3776\">\n<p data-start=\"3762\" data-end=\"3776\">Toute blessure<\/p>\n<\/li>\n<li data-start=\"3777\" data-end=\"3789\">\n<p data-start=\"3779\" data-end=\"3789\">Tout d\u00e9c\u00e8s<\/p>\n<\/li>\n<li data-start=\"3790\" data-end=\"3805\">\n<p data-start=\"3792\" data-end=\"3805\">Tout accident<\/p>\n<\/li>\n<li data-start=\"3806\" data-end=\"3821\">\n<p data-start=\"3808\" data-end=\"3821\">Tout sinistre<\/p>\n<\/li>\n<li data-start=\"3822\" data-end=\"3850\">\n<p data-start=\"3824\" data-end=\"3850\">Toute perte d\u2019exploitation<\/p>\n<\/li>\n<li data-start=\"3851\" data-end=\"3878\">\n<p data-start=\"3853\" data-end=\"3878\">Toute perte de production<\/p>\n<\/li>\n<li data-start=\"3879\" data-end=\"3914\">\n<p data-start=\"3881\" data-end=\"3914\">Toute perte de chiffre d\u2019affaires<\/p>\n<\/li>\n<li data-start=\"3915\" data-end=\"3939\">\n<p data-start=\"3917\" data-end=\"3939\">Toute perte de donn\u00e9es<\/p>\n<\/li>\n<li data-start=\"3940\" data-end=\"3962\">\n<p data-start=\"3942\" data-end=\"3962\">Toute immobilisation<\/p>\n<\/li>\n<li data-start=\"3963\" data-end=\"3987\">\n<p data-start=\"3965\" data-end=\"3987\">Tout rappel de produit<\/p>\n<\/li>\n<li data-start=\"3988\" data-end=\"4024\">\n<p data-start=\"3990\" data-end=\"4024\">Toute non-conformit\u00e9 r\u00e9glementaire<\/p>\n<\/li>\n<li data-start=\"4025\" data-end=\"4057\">\n<p data-start=\"4027\" data-end=\"4057\">Toute d\u00e9faillance structurelle<\/p>\n<\/li>\n<li data-start=\"4058\" data-end=\"4088\">\n<p data-start=\"4060\" data-end=\"4088\">Toute d\u00e9faillance en service<\/p>\n<\/li>\n<li data-start=\"4089\" data-end=\"4115\">\n<p data-start=\"4091\" data-end=\"4115\">Tout pr\u00e9judice financier<\/p>\n<\/li>\n<\/ul>\n<p data-start=\"4117\" data-end=\"4233\">Cette exclusion s\u2019applique y compris lorsque le dommage trouve son origine dans l\u2019utilisation des livrables fournis.<\/p>\n<hr data-start=\"4235\" data-end=\"4238\">\n<h2 data-start=\"4240\" data-end=\"4268\">7. Renonciation \u00e0 recours<\/h2>\n<p data-start=\"4270\" data-end=\"4498\">Le Client renonce irr\u00e9vocablement \u00e0 tout recours, r\u00e9clamation, action ou demande d\u2019indemnisation, de quelque nature que ce soit, \u00e0 l\u2019encontre du Prestataire, fond\u00e9e sur l\u2019utilisation, directe ou indirecte, des livrables fournis.<\/p>\n<p data-start=\"4500\" data-end=\"4560\">Cette renonciation couvre notamment les recours fond\u00e9s sur :<\/p>\n<ul data-start=\"4562\" data-end=\"4692\">\n<li data-start=\"4562\" data-end=\"4586\">\n<p data-start=\"4564\" data-end=\"4586\">Les pertes financi\u00e8res<\/p>\n<\/li>\n<li data-start=\"4587\" data-end=\"4611\">\n<p data-start=\"4589\" data-end=\"4611\">Les dommages mat\u00e9riels<\/p>\n<\/li>\n<li data-start=\"4612\" data-end=\"4638\">\n<p data-start=\"4614\" data-end=\"4638\">Les dommages immat\u00e9riels<\/p>\n<\/li>\n<li data-start=\"4639\" data-end=\"4663\">\n<p data-start=\"4641\" data-end=\"4663\">Les dommages indirects<\/p>\n<\/li>\n<li data-start=\"4664\" data-end=\"4692\">\n<p data-start=\"4666\" data-end=\"4692\">Les pr\u00e9judices commerciaux<\/p>\n<\/li>\n<\/ul>\n<hr data-start=\"4694\" data-end=\"4697\">\n<h2 data-start=\"4699\" data-end=\"4733\">8. Limitation de responsabilit\u00e9<\/h2>\n<p data-start=\"4735\" data-end=\"4970\">En tout \u00e9tat de cause, si la responsabilit\u00e9 du Prestataire devait \u00eatre retenue par une d\u00e9cision de justice d\u00e9finitive, celle-ci serait strictement limit\u00e9e au <strong data-start=\"4893\" data-end=\"4926\">montant HT effectivement pay\u00e9<\/strong> par le Client pour la prestation concern\u00e9e.<\/p>\n<hr data-start=\"4972\" data-end=\"4975\">\n<h2 data-start=\"4977\" data-end=\"5007\">9. Propri\u00e9t\u00e9 intellectuelle<\/h2>\n<p data-start=\"5009\" data-end=\"5128\">Sauf mention contraire, le Prestataire conserve l\u2019int\u00e9gralit\u00e9 des droits de propri\u00e9t\u00e9 intellectuelle sur ses cr\u00e9ations.<\/p>\n<p data-start=\"5130\" data-end=\"5260\">Le Client b\u00e9n\u00e9ficie d\u2019un droit d\u2019utilisation strictement limit\u00e9 \u00e0 son usage interne, non exclusif, non cessible, non transf\u00e9rable.<\/p>\n<hr data-start=\"5262\" data-end=\"5265\">\n<h2 data-start=\"5267\" data-end=\"5296\">10. Conditions financi\u00e8res<\/h2>\n<p data-start=\"5298\" data-end=\"5333\">Les prix sont exprim\u00e9s en euros HT.<\/p>\n<p data-start=\"5335\" data-end=\"5359\">Sauf mention contraire :<\/p>\n<ul data-start=\"5360\" data-end=\"5576\">\n<li data-start=\"5360\" data-end=\"5393\">\n<p data-start=\"5362\" data-end=\"5393\">Paiement comptant ou \u00e0 15 jours<\/p>\n<\/li>\n<li data-start=\"5394\" data-end=\"5493\">\n<p data-start=\"5396\" data-end=\"5493\">Tout retard entra\u00eene p\u00e9nalit\u00e9s l\u00e9gales + indemnit\u00e9 forfaitaire de 40 \u20ac pour frais de recouvrement<\/p>\n<\/li>\n<li data-start=\"5494\" data-end=\"5576\">\n<p data-start=\"5496\" data-end=\"5576\">Le Prestataire se r\u00e9serve le droit de suspendre toute prestation en cas d\u2019impay\u00e9<\/p>\n<\/li>\n<\/ul>\n<hr data-start=\"5578\" data-end=\"5581\">\n<h2 data-start=\"5583\" data-end=\"5601\">11. R\u00e9siliation<\/h2>\n<p data-start=\"5603\" data-end=\"5731\">Le Prestataire se r\u00e9serve le droit de r\u00e9silier toute prestation sans indemnit\u00e9 en cas de manquement du Client aux pr\u00e9sentes CGV.<\/p>\n<hr data-start=\"5733\" data-end=\"5736\">\n<h2 data-start=\"5738\" data-end=\"5776\">12. Droit applicable et juridiction<\/h2>\n<p data-start=\"5778\" data-end=\"5828\">Les pr\u00e9sentes CGV sont soumises au droit fran\u00e7ais.<\/p>\n<p data-start=\"5830\" data-end=\"5913\">Tout litige rel\u00e8ve de la comp\u00e9tence exclusive des tribunaux de [VILLE \u00c0 REMPLACER].<\/p>\n<hr data-start=\"5915\" data-end=\"5918\">\n<h2 data-start=\"5920\" data-end=\"5951\">13. Ind\u00e9pendance des clauses<\/h2>\n<p data-start=\"5953\" data-end=\"6014\">La nullit\u00e9 d\u2019une clause n\u2019affecte pas la validit\u00e9 des autres.<\/p>\n<hr data-start=\"6016\" data-end=\"6019\">\n<h2 data-start=\"6021\" data-end=\"6039\">14. Acceptation<\/h2>\n<p data-start=\"6041\" data-end=\"6109\">Toute commande vaut acceptation pleine et enti\u00e8re des pr\u00e9sentes CGV<\/p>\t\t\t\t\t\t\t\t<\/div>\n\t\t\t\t<\/div>\n\t\t\t\t\t<\/div>\n\t\t<\/div>\n\t\t\t\t\t<\/div>\n\t\t<\/section>\n\t\t\t\t<\/div>\n\t\t","protected":false},"excerpt":{"rendered":"<p>CONDITIONS G\u00c9N\u00c9RALES DE VENTE SERETUDES &#8211; Vincent B\u00e9nistant \u2013 Dessinateur industriel ind\u00e9pendant 1. Champ d\u2019application Les pr\u00e9sentes Conditions G\u00e9n\u00e9rales de Vente (CGV) s\u2019appliquent exclusivement \u00e0 toutes prestations fournies par le Prestataire, en qualit\u00e9 de dessinateur industriel ind\u00e9pendant, aupr\u00e8s de clients professionnels uniquement. Toute commande implique l\u2019acceptation sans r\u00e9serve des pr\u00e9sentes CGV, qui pr\u00e9valent sur tout [&hellip;]<\/p>\n","protected":false},"author":3,"featured_media":0,"parent":0,"menu_order":0,"comment_status":"closed","ping_status":"closed","template":"","meta":{"footnotes":""},"class_list":["post-2093","page","type-page","status-publish","hentry"],"yoast_head":"<!-- This site is optimized with the Yoast SEO plugin v24.1 - https:\/\/yoast.com\/wordpress\/plugins\/seo\/ -->\n<title>CGV -<\/title>\n<meta name=\"robots\" content=\"index, follow, max-snippet:-1, max-image-preview:large, max-video-preview:-1\" \/>\n<link rel=\"canonical\" href=\"https:\/\/seretudes.com\/en\/cgv\/\" \/>\n<meta property=\"og:locale\" content=\"en_GB\" \/>\n<meta property=\"og:type\" content=\"article\" \/>\n<meta property=\"og:title\" content=\"CGV -\" \/>\n<meta property=\"og:description\" content=\"CONDITIONS G\u00c9N\u00c9RALES DE VENTE SERETUDES &#8211; Vincent B\u00e9nistant \u2013 Dessinateur industriel ind\u00e9pendant 1. Champ d\u2019application Les pr\u00e9sentes Conditions G\u00e9n\u00e9rales de Vente (CGV) s\u2019appliquent exclusivement \u00e0 toutes prestations fournies par le Prestataire, en qualit\u00e9 de dessinateur industriel ind\u00e9pendant, aupr\u00e8s de clients professionnels uniquement. Toute commande implique l\u2019acceptation sans r\u00e9serve des pr\u00e9sentes CGV, qui pr\u00e9valent sur tout [&hellip;]\" \/>\n<meta property=\"og:url\" content=\"https:\/\/seretudes.com\/en\/cgv\/\" \/>\n<meta property=\"article:modified_time\" content=\"2026-01-15T15:02:02+00:00\" \/>\n<meta name=\"twitter:card\" content=\"summary_large_image\" \/>\n<meta name=\"twitter:label1\" content=\"Estimated reading time\" \/>\n\t<meta name=\"twitter:data1\" content=\"4 minutes\" \/>\n<script type=\"application\/ld+json\" class=\"yoast-schema-graph\">{\"@context\":\"https:\/\/schema.org\",\"@graph\":[{\"@type\":\"WebPage\",\"@id\":\"https:\/\/seretudes.com\/cgv\/\",\"url\":\"https:\/\/seretudes.com\/cgv\/\",\"name\":\"CGV -\",\"isPartOf\":{\"@id\":\"https:\/\/seretudes.com\/#website\"},\"datePublished\":\"2026-01-15T14:27:23+00:00\",\"dateModified\":\"2026-01-15T15:02:02+00:00\",\"breadcrumb\":{\"@id\":\"https:\/\/seretudes.com\/cgv\/#breadcrumb\"},\"inLanguage\":\"en-GB\",\"potentialAction\":[{\"@type\":\"ReadAction\",\"target\":[\"https:\/\/seretudes.com\/cgv\/\"]}]},{\"@type\":\"BreadcrumbList\",\"@id\":\"https:\/\/seretudes.com\/cgv\/#breadcrumb\",\"itemListElement\":[{\"@type\":\"ListItem\",\"position\":1,\"name\":\"Accueil\",\"item\":\"https:\/\/seretudes.com\/\"},{\"@type\":\"ListItem\",\"position\":2,\"name\":\"CGV\"}]},{\"@type\":\"WebSite\",\"@id\":\"https:\/\/seretudes.com\/#website\",\"url\":\"https:\/\/seretudes.com\/\",\"name\":\"S E R E T U D E S\",\"description\":\"Solution Efficace et R\u00e9active, aux entreprises ayants des besoins ponctuels ou r\u00e9guliers en CAO.\",\"publisher\":{\"@id\":\"https:\/\/seretudes.com\/#organization\"},\"potentialAction\":[{\"@type\":\"SearchAction\",\"target\":{\"@type\":\"EntryPoint\",\"urlTemplate\":\"https:\/\/seretudes.com\/?s={search_term_string}\"},\"query-input\":{\"@type\":\"PropertyValueSpecification\",\"valueRequired\":true,\"valueName\":\"search_term_string\"}}],\"inLanguage\":\"en-GB\"},{\"@type\":\"Organization\",\"@id\":\"https:\/\/seretudes.com\/#organization\",\"name\":\"Seretudes\",\"url\":\"https:\/\/seretudes.com\/\",\"logo\":{\"@type\":\"ImageObject\",\"inLanguage\":\"en-GB\",\"@id\":\"https:\/\/seretudes.com\/#\/schema\/logo\/image\/\",\"url\":\"https:\/\/seretudes.com\/wp-content\/uploads\/2019\/02\/SERETUDE_logo_1-3-e1551093177621.jpg\",\"contentUrl\":\"https:\/\/seretudes.com\/wp-content\/uploads\/2019\/02\/SERETUDE_logo_1-3-e1551093177621.jpg\",\"width\":935,\"height\":195,\"caption\":\"Seretudes\"},\"image\":{\"@id\":\"https:\/\/seretudes.com\/#\/schema\/logo\/image\/\"}}]}<\/script>\n<!-- \/ Yoast SEO plugin. -->","yoast_head_json":{"title":"CGV -","robots":{"index":"index","follow":"follow","max-snippet":"max-snippet:-1","max-image-preview":"max-image-preview:large","max-video-preview":"max-video-preview:-1"},"canonical":"https:\/\/seretudes.com\/en\/cgv\/","og_locale":"en_GB","og_type":"article","og_title":"CGV -","og_description":"CONDITIONS G\u00c9N\u00c9RALES DE VENTE SERETUDES &#8211; Vincent B\u00e9nistant \u2013 Dessinateur industriel ind\u00e9pendant 1. Champ d\u2019application Les pr\u00e9sentes Conditions G\u00e9n\u00e9rales de Vente (CGV) s\u2019appliquent exclusivement \u00e0 toutes prestations fournies par le Prestataire, en qualit\u00e9 de dessinateur industriel ind\u00e9pendant, aupr\u00e8s de clients professionnels uniquement. Toute commande implique l\u2019acceptation sans r\u00e9serve des pr\u00e9sentes CGV, qui pr\u00e9valent sur tout [&hellip;]","og_url":"https:\/\/seretudes.com\/en\/cgv\/","article_modified_time":"2026-01-15T15:02:02+00:00","twitter_card":"summary_large_image","twitter_misc":{"Estimated reading time":"4 minutes"},"schema":{"@context":"https:\/\/schema.org","@graph":[{"@type":"WebPage","@id":"https:\/\/seretudes.com\/cgv\/","url":"https:\/\/seretudes.com\/cgv\/","name":"CGV -","isPartOf":{"@id":"https:\/\/seretudes.com\/#website"},"datePublished":"2026-01-15T14:27:23+00:00","dateModified":"2026-01-15T15:02:02+00:00","breadcrumb":{"@id":"https:\/\/seretudes.com\/cgv\/#breadcrumb"},"inLanguage":"en-GB","potentialAction":[{"@type":"ReadAction","target":["https:\/\/seretudes.com\/cgv\/"]}]},{"@type":"BreadcrumbList","@id":"https:\/\/seretudes.com\/cgv\/#breadcrumb","itemListElement":[{"@type":"ListItem","position":1,"name":"Accueil","item":"https:\/\/seretudes.com\/"},{"@type":"ListItem","position":2,"name":"CGV"}]},{"@type":"WebSite","@id":"https:\/\/seretudes.com\/#website","url":"https:\/\/seretudes.com\/","name":"S E R E T U D E S","description":"Efficient and Responsive Solution for companies looking for one-off or regular CAD services","publisher":{"@id":"https:\/\/seretudes.com\/#organization"},"potentialAction":[{"@type":"SearchAction","target":{"@type":"EntryPoint","urlTemplate":"https:\/\/seretudes.com\/?s={search_term_string}"},"query-input":{"@type":"PropertyValueSpecification","valueRequired":true,"valueName":"search_term_string"}}],"inLanguage":"en-GB"},{"@type":"Organization","@id":"https:\/\/seretudes.com\/#organization","name":"Seretudes","url":"https:\/\/seretudes.com\/","logo":{"@type":"ImageObject","inLanguage":"en-GB","@id":"https:\/\/seretudes.com\/#\/schema\/logo\/image\/","url":"https:\/\/seretudes.com\/wp-content\/uploads\/2019\/02\/SERETUDE_logo_1-3-e1551093177621.jpg","contentUrl":"https:\/\/seretudes.com\/wp-content\/uploads\/2019\/02\/SERETUDE_logo_1-3-e1551093177621.jpg","width":935,"height":195,"caption":"Seretudes"},"image":{"@id":"https:\/\/seretudes.com\/#\/schema\/logo\/image\/"}}]}},"jetpack_sharing_enabled":true,"_links":{"self":[{"href":"https:\/\/seretudes.com\/en\/wp-json\/wp\/v2\/pages\/2093","targetHints":{"allow":["GET"]}}],"collection":[{"href":"https:\/\/seretudes.com\/en\/wp-json\/wp\/v2\/pages"}],"about":[{"href":"https:\/\/seretudes.com\/en\/wp-json\/wp\/v2\/types\/page"}],"author":[{"embeddable":true,"href":"https:\/\/seretudes.com\/en\/wp-json\/wp\/v2\/users\/3"}],"replies":[{"embeddable":true,"href":"https:\/\/seretudes.com\/en\/wp-json\/wp\/v2\/comments?post=2093"}],"version-history":[{"count":7,"href":"https:\/\/seretudes.com\/en\/wp-json\/wp\/v2\/pages\/2093\/revisions"}],"predecessor-version":[{"id":2103,"href":"https:\/\/seretudes.com\/en\/wp-json\/wp\/v2\/pages\/2093\/revisions\/2103"}],"wp:attachment":[{"href":"https:\/\/seretudes.com\/en\/wp-json\/wp\/v2\/media?parent=2093"}],"curies":[{"name":"wp","href":"https:\/\/api.w.org\/{rel}","templated":true}]}}