{"id":248,"date":"2018-10-03T00:02:05","date_gmt":"2018-10-02T22:02:05","guid":{"rendered":"https:\/\/seretudes.com\/?page_id=248"},"modified":"2024-02-06T11:19:14","modified_gmt":"2024-02-06T10:19:14","slug":"tarifs","status":"publish","type":"page","link":"https:\/\/seretudes.com\/en\/tarifs\/","title":{"rendered":"PRICING"},"content":{"rendered":"<div data-elementor-type=\"wp-post\" data-elementor-id=\"248\" class=\"elementor elementor-248\">\n\t\t\t\t\t\t<section class=\"elementor-section elementor-top-section elementor-element elementor-element-e56d67c elementor-section-boxed elementor-section-height-default elementor-section-height-default\" data-id=\"e56d67c\" data-element_type=\"section\" data-e-type=\"section\">\n\t\t\t\t\t\t<div class=\"elementor-container elementor-column-gap-default\">\n\t\t\t\t\t<div class=\"elementor-column elementor-col-100 elementor-top-column elementor-element elementor-element-d63af1f\" data-id=\"d63af1f\" data-element_type=\"column\" data-e-type=\"column\">\n\t\t\t<div class=\"elementor-widget-wrap elementor-element-populated\">\n\t\t\t\t\t\t<div class=\"elementor-element elementor-element-6ccbd34 elementor-widget elementor-widget-text-editor\" data-id=\"6ccbd34\" data-element_type=\"widget\" data-e-type=\"widget\" data-widget_type=\"text-editor.default\">\n\t\t\t\t<div class=\"elementor-widget-container\">\n\t\t\t\t\t\t\t\t\t<p style=\"margin: 0cm 0cm 0.0001pt; font-size: medium; font-family: Calibri, sans-serif; caret-color: #000000; color: #000000;\"><span lang=\"FR\" style=\"font-size: 10.5pt; font-family: Arial, sans-serif; color: #7a7a7a;\">IMPORTANT NOTICE :<\/span><\/p>\n<p style=\"margin: 0cm 0cm 0.0001pt; font-size: medium; font-family: Calibri, sans-serif; caret-color: #000000; color: #000000;\"><span lang=\"FR\" style=\"font-size: 10.5pt; font-family: Arial, sans-serif; color: #7a7a7a;\">Choosing to work with a freelancer means choosing a relationship in which we owe it to ourselves to perform well and to obtain your satisfaction in order to work again. It is also a way for you to reduce your costs.<\/span><\/p>\n<p style=\"margin: 0cm 0cm 0.0001pt; font-size: medium; font-family: Calibri, sans-serif; caret-color: #000000; color: #000000;\"><span lang=\"FR\" style=\"font-size: 10.5pt; font-family: Arial, sans-serif; color: #7a7a7a;\">&nbsp;<\/span><\/p>\n<p style=\"margin: 0cm 0cm 0.0001pt; font-size: medium; font-family: Calibri, sans-serif; caret-color: #000000; color: #000000;\"><span lang=\"FR\" style=\"font-size: 10.5pt; font-family: Arial, sans-serif; color: #7a7a7a;\">Give it a try! To date, all our customers have been satisfied with this choice.<\/span><\/p>\n<p style=\"margin: 0cm 0cm 0.0001pt; font-size: medium; font-family: Calibri, sans-serif; caret-color: #000000; color: #000000;\"><span lang=\"FR\" style=\"font-size: 10.5pt; font-family: Arial, sans-serif; color: #7a7a7a;\">&nbsp;<\/span><\/p>\n<p style=\"margin: 0cm 0cm 0.0001pt; font-size: medium; font-family: Calibri, sans-serif; caret-color: #000000; color: #000000;\"><span lang=\"FR\" style=\"font-size: 10.5pt; font-family: Arial, sans-serif; color: #7a7a7a;\">We provide our services on lump sums or based on hours spent, depending on our customers need :<\/span><\/p>\n<ul>\n<li style=\"font-size: medium; font-family: Calibri, sans-serif; caret-color: #000000; color: #000000;\"><span lang=\"FR\" style=\"font-size: 10.5pt; font-family: Arial, sans-serif; color: #7a7a7a;\">For any lump sum service, do not hesitate to contact us, we will reply as soon as possible.<\/span><\/li>\n<li style=\"font-size: medium; font-family: Calibri, sans-serif; caret-color: #000000; color: #000000;\"><span lang=\"FR\" style=\"font-size: 10.5pt; font-family: Arial, sans-serif; color: #7a7a7a;\">For services based on spent hours, here below are the prices we propose :<\/span><\/li>\n<\/ul>\n<p style=\"margin: 0cm 0cm 0.0001pt; font-size: medium; font-family: Calibri, sans-serif; caret-color: #000000; color: #000000;\"><span lang=\"FR\" style=\"font-size: 10.5pt; font-family: Arial, sans-serif; color: #7a7a7a;\">&nbsp;<\/span><\/p>\t\t\t\t\t\t\t\t<\/div>\n\t\t\t\t<\/div>\n\t\t\t\t\t<\/div>\n\t\t<\/div>\n\t\t\t\t\t<\/div>\n\t\t<\/section>\n\t\t\t\t<section class=\"elementor-section elementor-top-section elementor-element elementor-element-6a15d93 elementor-section-boxed elementor-section-height-default elementor-section-height-default\" data-id=\"6a15d93\" data-element_type=\"section\" data-e-type=\"section\">\n\t\t\t\t\t\t<div class=\"elementor-container elementor-column-gap-default\">\n\t\t\t\t\t<div class=\"elementor-column elementor-col-100 elementor-top-column elementor-element elementor-element-b724473\" data-id=\"b724473\" data-element_type=\"column\" data-e-type=\"column\">\n\t\t\t<div class=\"elementor-widget-wrap elementor-element-populated\">\n\t\t\t\t\t\t<div class=\"elementor-element elementor-element-3c43ad1 elementor-widget elementor-widget-text-editor\" data-id=\"3c43ad1\" data-element_type=\"widget\" data-e-type=\"widget\" data-widget_type=\"text-editor.default\">\n\t\t\t\t<div class=\"elementor-widget-container\">\n\t\t\t\t\t\t\t\t\t<table width=\"670\">\n<tbody>\n<tr>\n<td width=\"365\"><span style=\"text-decoration: underline; color: #000000; font-size: 12pt;\"><strong>Service<\/strong><\/span><\/td>\n<td colspan=\"6\" width=\"300\">&nbsp; &nbsp; &nbsp; &nbsp; &nbsp; &nbsp; &nbsp; &nbsp; <span style=\"text-decoration: underline; color: #000000; font-size: 12pt;\"><strong>PRICING<\/strong><\/span><\/td>\n<td width=\"5\">&nbsp;<\/td>\n<\/tr>\n<tr>\n<td width=\"365\"><strong><span style=\"color: #000000;\">Remote work<\/span><\/strong><br>Remote office<\/td>\n<td>&nbsp;<\/td>\n<td colspan=\"3\">45<\/td>\n<td colspan=\"2\">\u20ac \/ hour excl taxes<\/td>\n<td>&nbsp;<\/td>\n<\/tr>\n<tr>\n<td rowspan=\"2\" width=\"365\"><strong><span style=\"color: #000000;\">Not applicable abroad<\/span><\/strong> (Work in your office, work station and softwares at your charge)<\/td>\n<td rowspan=\"2\">&nbsp;<\/td>\n<td colspan=\"3\" rowspan=\"2\">55<\/td>\n<td colspan=\"2\" rowspan=\"2\">\u20ac \/ hour excl taxes<\/td>\n<td>&nbsp;<\/td>\n<\/tr>\n<tr>\n<td>&nbsp;<\/td>\n<\/tr>\n<tr>\n<td rowspan=\"2\" width=\"365\"><strong><span style=\"color: #000000;\">Not applicable abroad<\/span><\/strong> (Work in your office, work station and software at our charge)<\/td>\n<td rowspan=\"2\">&nbsp;<\/td>\n<td colspan=\"3\" rowspan=\"2\">64<\/td>\n<td colspan=\"2\" rowspan=\"2\">\u20ac \/ hour excl taxes<\/td>\n<td>&nbsp;<\/td>\n<\/tr>\n<tr>\n<td>&nbsp;<\/td>\n<\/tr>\n<tr>\n<td width=\"365\">&nbsp;<\/td>\n<td>&nbsp;<\/td>\n<td>&nbsp;<\/td>\n<td>&nbsp;<\/td>\n<td>&nbsp;<\/td>\n<td>&nbsp;<\/td>\n<td>&nbsp;<\/td>\n<td>&nbsp;<\/td>\n<\/tr>\n<\/tbody>\n<\/table>\t\t\t\t\t\t\t\t<\/div>\n\t\t\t\t<\/div>\n\t\t\t\t\t<\/div>\n\t\t<\/div>\n\t\t\t\t\t<\/div>\n\t\t<\/section>\n\t\t\t\t<section class=\"elementor-section elementor-top-section elementor-element elementor-element-f664b83 elementor-section-boxed elementor-section-height-default elementor-section-height-default\" data-id=\"f664b83\" data-element_type=\"section\" data-e-type=\"section\">\n\t\t\t\t\t\t<div class=\"elementor-container elementor-column-gap-default\">\n\t\t\t\t\t<div class=\"elementor-column elementor-col-100 elementor-top-column elementor-element elementor-element-13d3e65\" data-id=\"13d3e65\" data-element_type=\"column\" data-e-type=\"column\">\n\t\t\t<div class=\"elementor-widget-wrap elementor-element-populated\">\n\t\t\t\t\t\t<div class=\"elementor-element elementor-element-9d4efaf elementor-widget elementor-widget-text-editor\" data-id=\"9d4efaf\" data-element_type=\"widget\" data-e-type=\"widget\" data-widget_type=\"text-editor.default\">\n\t\t\t\t<div class=\"elementor-widget-container\">\n\t\t\t\t\t\t\t\t\t<p><span style=\"font-family: Arial, Helvetica, sans-serif; font-size: 12pt; color: #000080;\">For remote work, only worked hours are paid.<\/span><\/p>\n<p><span style=\"font-family: Arial, Helvetica, sans-serif; font-size: 12pt; color: #000080;\">Example:<\/span><br><span style=\"font-family: Arial, Helvetica, sans-serif; font-size: 12pt; color: #000080;\">Sur une journ\u00e9e de 8h (352\u20ac), si seulement 3h sont travaill\u00e9es, alors seules ces 3h sont compt\u00e9es (132\u20ac).<\/span><br><span style=\"font-family: Arial, Helvetica, sans-serif; font-size: 12pt; color: #000080;\">This can be applicable whatever the reason on your side which may prevent us to progress on the work (information missing, waiting for feedback of final customer, etc.).<\/span><\/p>\n<p><span style=\"font-family: Arial, Helvetica, sans-serif; font-size: 12pt; color: #000080;\">This solution can easily be interesting for you since only working hours are paid.<\/span><\/p>\n<p><span style=\"font-family: Arial, Helvetica, sans-serif; font-size: 12pt; color: #000080;\">In addition, when working on spent hours, the scope of work is almost never subject to debate, so no time is wasted in negotiating.<\/span><\/p>\t\t\t\t\t\t\t\t<\/div>\n\t\t\t\t<\/div>\n\t\t\t\t\t<\/div>\n\t\t<\/div>\n\t\t\t\t\t<\/div>\n\t\t<\/section>\n\t\t\t\t<section class=\"elementor-section elementor-top-section elementor-element elementor-element-7c20e7c elementor-section-boxed elementor-section-height-default elementor-section-height-default\" data-id=\"7c20e7c\" data-element_type=\"section\" data-e-type=\"section\">\n\t\t\t\t\t\t<div class=\"elementor-container elementor-column-gap-default\">\n\t\t\t\t\t<div class=\"elementor-column elementor-col-100 elementor-top-column elementor-element elementor-element-8dc15d8\" data-id=\"8dc15d8\" data-element_type=\"column\" data-e-type=\"column\">\n\t\t\t<div class=\"elementor-widget-wrap elementor-element-populated\">\n\t\t\t\t\t\t<div class=\"elementor-element elementor-element-e1e9582 elementor-widget elementor-widget-image\" data-id=\"e1e9582\" data-element_type=\"widget\" data-e-type=\"widget\" data-widget_type=\"image.default\">\n\t\t\t\t<div class=\"elementor-widget-container\">\n\t\t\t\t\t\t\t\t\t\t\t\t\t\t\t<img fetchpriority=\"high\" decoding=\"async\" width=\"607\" height=\"508\" src=\"https:\/\/seretudes.com\/wp-content\/uploads\/2020\/05\/Qualit\u00e9-cout-d\u00e9lai.jpg\" class=\"attachment-full size-full wp-image-1006\" alt=\"\" srcset=\"https:\/\/seretudes.com\/wp-content\/uploads\/2020\/05\/Qualit\u00e9-cout-d\u00e9lai.jpg 607w, https:\/\/seretudes.com\/wp-content\/uploads\/2020\/05\/Qualit\u00e9-cout-d\u00e9lai-300x251.jpg 300w\" sizes=\"(max-width: 607px) 100vw, 607px\" \/>\t\t\t\t\t\t\t\t\t\t\t\t\t\t\t<\/div>\n\t\t\t\t<\/div>\n\t\t\t\t\t<\/div>\n\t\t<\/div>\n\t\t\t\t\t<\/div>\n\t\t<\/section>\n\t\t\t\t<\/div>","protected":false},"excerpt":{"rendered":"<p>IMPORTANT : Choisir de travailler en collaboration avec un ind\u00e9pendant, c\u2019est choisir une relation dans laquelle nous nous devons d\u2019\u00eatre performant, et d\u2019obtenir votre satisfaction pour travailler \u00e0 nouveau. C\u2019est aussi un moyen pour vous de r\u00e9duire vos charges. &nbsp; Essayez donc ! A ce jour, tous nos clients ont \u00e9t\u00e9 satisfaits de ce choix. [&hellip;]<\/p>\n","protected":false},"author":1,"featured_media":0,"parent":0,"menu_order":0,"comment_status":"closed","ping_status":"closed","template":"","meta":{"footnotes":""},"class_list":["post-248","page","type-page","status-publish","hentry"],"yoast_head":"<!-- This site is optimized with the Yoast SEO plugin v24.1 - https:\/\/yoast.com\/wordpress\/plugins\/seo\/ -->\n<title>Dessinateurs projeteurs partenaires - Nos tarifs<\/title>\n<meta name=\"description\" content=\"Nous intervenons en r\u00e9gie ou au forfait, \u00e0 votre demande. Trouvez-ici nos tarifs horaires pour nos interventions sur place ou \u00e0 distance\" \/>\n<meta name=\"robots\" content=\"index, follow, max-snippet:-1, max-image-preview:large, max-video-preview:-1\" \/>\n<link rel=\"canonical\" href=\"https:\/\/seretudes.com\/en\/tarifs\/\" \/>\n<meta property=\"og:locale\" content=\"en_GB\" \/>\n<meta property=\"og:type\" content=\"article\" \/>\n<meta property=\"og:title\" content=\"Dessinateurs projeteurs partenaires - Nos tarifs\" \/>\n<meta property=\"og:description\" content=\"Nous intervenons en r\u00e9gie ou au forfait, \u00e0 votre demande. Trouvez-ici nos tarifs horaires pour nos interventions sur place ou \u00e0 distance\" \/>\n<meta property=\"og:url\" content=\"https:\/\/seretudes.com\/en\/tarifs\/\" \/>\n<meta property=\"article:modified_time\" content=\"2024-02-06T10:19:14+00:00\" \/>\n<meta name=\"twitter:card\" content=\"summary_large_image\" \/>\n<meta name=\"twitter:label1\" content=\"Estimated reading time\" \/>\n\t<meta name=\"twitter:data1\" content=\"2 minutes\" \/>\n<script type=\"application\/ld+json\" class=\"yoast-schema-graph\">{\"@context\":\"https:\/\/schema.org\",\"@graph\":[{\"@type\":\"WebPage\",\"@id\":\"https:\/\/seretudes.com\/tarifs\/\",\"url\":\"https:\/\/seretudes.com\/tarifs\/\",\"name\":\"Dessinateurs projeteurs partenaires - Nos tarifs\",\"isPartOf\":{\"@id\":\"https:\/\/seretudes.com\/#website\"},\"datePublished\":\"2018-10-02T22:02:05+00:00\",\"dateModified\":\"2024-02-06T10:19:14+00:00\",\"description\":\"Nous intervenons en r\u00e9gie ou au forfait, \u00e0 votre demande. Trouvez-ici nos tarifs horaires pour nos interventions sur place ou \u00e0 distance\",\"breadcrumb\":{\"@id\":\"https:\/\/seretudes.com\/tarifs\/#breadcrumb\"},\"inLanguage\":\"en-GB\",\"potentialAction\":[{\"@type\":\"ReadAction\",\"target\":[\"https:\/\/seretudes.com\/tarifs\/\"]}]},{\"@type\":\"BreadcrumbList\",\"@id\":\"https:\/\/seretudes.com\/tarifs\/#breadcrumb\",\"itemListElement\":[{\"@type\":\"ListItem\",\"position\":1,\"name\":\"Accueil\",\"item\":\"https:\/\/seretudes.com\/\"},{\"@type\":\"ListItem\",\"position\":2,\"name\":\"Tarifs\"}]},{\"@type\":\"WebSite\",\"@id\":\"https:\/\/seretudes.com\/#website\",\"url\":\"https:\/\/seretudes.com\/\",\"name\":\"S E R E T U D E S\",\"description\":\"Solution Efficace et R\u00e9active, aux entreprises ayants des besoins ponctuels ou r\u00e9guliers en CAO.\",\"publisher\":{\"@id\":\"https:\/\/seretudes.com\/#organization\"},\"potentialAction\":[{\"@type\":\"SearchAction\",\"target\":{\"@type\":\"EntryPoint\",\"urlTemplate\":\"https:\/\/seretudes.com\/?s={search_term_string}\"},\"query-input\":{\"@type\":\"PropertyValueSpecification\",\"valueRequired\":true,\"valueName\":\"search_term_string\"}}],\"inLanguage\":\"en-GB\"},{\"@type\":\"Organization\",\"@id\":\"https:\/\/seretudes.com\/#organization\",\"name\":\"Seretudes\",\"url\":\"https:\/\/seretudes.com\/\",\"logo\":{\"@type\":\"ImageObject\",\"inLanguage\":\"en-GB\",\"@id\":\"https:\/\/seretudes.com\/#\/schema\/logo\/image\/\",\"url\":\"https:\/\/seretudes.com\/wp-content\/uploads\/2019\/02\/SERETUDE_logo_1-3-e1551093177621.jpg\",\"contentUrl\":\"https:\/\/seretudes.com\/wp-content\/uploads\/2019\/02\/SERETUDE_logo_1-3-e1551093177621.jpg\",\"width\":935,\"height\":195,\"caption\":\"Seretudes\"},\"image\":{\"@id\":\"https:\/\/seretudes.com\/#\/schema\/logo\/image\/\"}}]}<\/script>\n<!-- \/ Yoast SEO plugin. -->","yoast_head_json":{"title":"Dessinateurs projeteurs partenaires - Nos tarifs","description":"Nous intervenons en r\u00e9gie ou au forfait, \u00e0 votre demande. Trouvez-ici nos tarifs horaires pour nos interventions sur place ou \u00e0 distance","robots":{"index":"index","follow":"follow","max-snippet":"max-snippet:-1","max-image-preview":"max-image-preview:large","max-video-preview":"max-video-preview:-1"},"canonical":"https:\/\/seretudes.com\/en\/tarifs\/","og_locale":"en_GB","og_type":"article","og_title":"Dessinateurs projeteurs partenaires - Nos tarifs","og_description":"Nous intervenons en r\u00e9gie ou au forfait, \u00e0 votre demande. Trouvez-ici nos tarifs horaires pour nos interventions sur place ou \u00e0 distance","og_url":"https:\/\/seretudes.com\/en\/tarifs\/","article_modified_time":"2024-02-06T10:19:14+00:00","twitter_card":"summary_large_image","twitter_misc":{"Estimated reading time":"2 minutes"},"schema":{"@context":"https:\/\/schema.org","@graph":[{"@type":"WebPage","@id":"https:\/\/seretudes.com\/tarifs\/","url":"https:\/\/seretudes.com\/tarifs\/","name":"Dessinateurs projeteurs partenaires - Nos tarifs","isPartOf":{"@id":"https:\/\/seretudes.com\/#website"},"datePublished":"2018-10-02T22:02:05+00:00","dateModified":"2024-02-06T10:19:14+00:00","description":"Nous intervenons en r\u00e9gie ou au forfait, \u00e0 votre demande. Trouvez-ici nos tarifs horaires pour nos interventions sur place ou \u00e0 distance","breadcrumb":{"@id":"https:\/\/seretudes.com\/tarifs\/#breadcrumb"},"inLanguage":"en-GB","potentialAction":[{"@type":"ReadAction","target":["https:\/\/seretudes.com\/tarifs\/"]}]},{"@type":"BreadcrumbList","@id":"https:\/\/seretudes.com\/tarifs\/#breadcrumb","itemListElement":[{"@type":"ListItem","position":1,"name":"Accueil","item":"https:\/\/seretudes.com\/"},{"@type":"ListItem","position":2,"name":"Tarifs"}]},{"@type":"WebSite","@id":"https:\/\/seretudes.com\/#website","url":"https:\/\/seretudes.com\/","name":"S E R E T U D E S","description":"Efficient and Responsive Solution for companies looking for one-off or regular CAD services","publisher":{"@id":"https:\/\/seretudes.com\/#organization"},"potentialAction":[{"@type":"SearchAction","target":{"@type":"EntryPoint","urlTemplate":"https:\/\/seretudes.com\/?s={search_term_string}"},"query-input":{"@type":"PropertyValueSpecification","valueRequired":true,"valueName":"search_term_string"}}],"inLanguage":"en-GB"},{"@type":"Organization","@id":"https:\/\/seretudes.com\/#organization","name":"Seretudes","url":"https:\/\/seretudes.com\/","logo":{"@type":"ImageObject","inLanguage":"en-GB","@id":"https:\/\/seretudes.com\/#\/schema\/logo\/image\/","url":"https:\/\/seretudes.com\/wp-content\/uploads\/2019\/02\/SERETUDE_logo_1-3-e1551093177621.jpg","contentUrl":"https:\/\/seretudes.com\/wp-content\/uploads\/2019\/02\/SERETUDE_logo_1-3-e1551093177621.jpg","width":935,"height":195,"caption":"Seretudes"},"image":{"@id":"https:\/\/seretudes.com\/#\/schema\/logo\/image\/"}}]}},"jetpack_sharing_enabled":true,"_links":{"self":[{"href":"https:\/\/seretudes.com\/en\/wp-json\/wp\/v2\/pages\/248","targetHints":{"allow":["GET"]}}],"collection":[{"href":"https:\/\/seretudes.com\/en\/wp-json\/wp\/v2\/pages"}],"about":[{"href":"https:\/\/seretudes.com\/en\/wp-json\/wp\/v2\/types\/page"}],"author":[{"embeddable":true,"href":"https:\/\/seretudes.com\/en\/wp-json\/wp\/v2\/users\/1"}],"replies":[{"embeddable":true,"href":"https:\/\/seretudes.com\/en\/wp-json\/wp\/v2\/comments?post=248"}],"version-history":[{"count":23,"href":"https:\/\/seretudes.com\/en\/wp-json\/wp\/v2\/pages\/248\/revisions"}],"predecessor-version":[{"id":1963,"href":"https:\/\/seretudes.com\/en\/wp-json\/wp\/v2\/pages\/248\/revisions\/1963"}],"wp:attachment":[{"href":"https:\/\/seretudes.com\/en\/wp-json\/wp\/v2\/media?parent=248"}],"curies":[{"name":"wp","href":"https:\/\/api.w.org\/{rel}","templated":true}]}}