{"id":309,"date":"2018-10-10T15:14:12","date_gmt":"2018-10-10T13:14:12","guid":{"rendered":"https:\/\/seretudes.com\/?page_id=309"},"modified":"2025-08-29T12:28:54","modified_gmt":"2025-08-29T10:28:54","slug":"en-savoir-plus-vbe","status":"publish","type":"page","link":"https:\/\/seretudes.com\/en\/en-savoir-plus-vbe\/","title":{"rendered":"More about Vincent"},"content":{"rendered":"<div data-elementor-type=\"wp-page\" data-elementor-id=\"309\" class=\"elementor elementor-309\">\n\t\t\t\t\t\t<section class=\"elementor-section elementor-top-section elementor-element elementor-element-5b4d1434 elementor-section-boxed elementor-section-height-default elementor-section-height-default\" data-id=\"5b4d1434\" data-element_type=\"section\" data-e-type=\"section\">\n\t\t\t\t\t\t<div class=\"elementor-container elementor-column-gap-default\">\n\t\t\t\t\t<div class=\"elementor-column elementor-col-100 elementor-top-column elementor-element elementor-element-2a89527f\" data-id=\"2a89527f\" data-element_type=\"column\" data-e-type=\"column\">\n\t\t\t<div class=\"elementor-widget-wrap elementor-element-populated\">\n\t\t\t\t\t\t<div class=\"elementor-element elementor-element-2ed8ba45 elementor-widget elementor-widget-text-editor\" data-id=\"2ed8ba45\" data-element_type=\"widget\" data-e-type=\"widget\" data-widget_type=\"text-editor.default\">\n\t\t\t\t<div class=\"elementor-widget-container\">\n\t\t\t\t\t\t\t\t\tDessinateur \/ Projeteur en m\u00e9canique depuis 20 ans.\n\nAu cours de ma carri\u00e8re j&rsquo;ai \u00e9t\u00e9 amen\u00e9 \u00e0 concevoir des produits compos\u00e9s de 1 \u00e0 plus de 1000 pi\u00e8ces fabriqu\u00e9es diff\u00e9rentes (hors \u00e9l\u00e9ments standards), de quelques grammes \u00e0 plus de 50 tonnes, des plans d&rsquo;implantations, des skids de pompes, des tuyauteries de chaudi\u00e8res, des outillages, des maquettes exp\u00e9rimentales, des bancs d&rsquo;essais, des chariots de levage sp\u00e9ciaux, des turbines d\u00e9bitm\u00e8triques, des boites \u00e0 gants, un robot marin, divers m\u00e9canismes&#8230;\n\nPrincipal porteur de l&rsquo;activit\u00e9 CAO.\t\t\t\t\t\t\t\t<\/div>\n\t\t\t\t<\/div>\n\t\t\t\t\t<\/div>\n\t\t<\/div>\n\t\t\t\t\t<\/div>\n\t\t<\/section>\n\t\t\t\t<\/div>","protected":false},"excerpt":{"rendered":"<p>Dessinateur \/ Projeteur en m\u00e9canique depuis 20 ans. Au cours de ma carri\u00e8re j&rsquo;ai \u00e9t\u00e9 amen\u00e9 \u00e0 concevoir des produits compos\u00e9s de 1 \u00e0 plus de 1000 pi\u00e8ces fabriqu\u00e9es diff\u00e9rentes (hors \u00e9l\u00e9ments standards), de quelques grammes \u00e0 plus de 50 tonnes, des plans d&rsquo;implantations, des skids de pompes, des tuyauteries de chaudi\u00e8res, des outillages, des [&hellip;]<\/p>\n","protected":false},"author":3,"featured_media":0,"parent":0,"menu_order":0,"comment_status":"closed","ping_status":"closed","template":"","meta":{"footnotes":""},"class_list":["post-309","page","type-page","status-publish","hentry"],"yoast_head":"<!-- This site is optimized with the Yoast SEO plugin v24.1 - https:\/\/yoast.com\/wordpress\/plugins\/seo\/ -->\n<title>En savoir plus VBE -<\/title>\n<meta name=\"robots\" content=\"index, follow, max-snippet:-1, max-image-preview:large, max-video-preview:-1\" \/>\n<link rel=\"canonical\" href=\"https:\/\/seretudes.com\/en\/en-savoir-plus-vbe\/\" \/>\n<meta property=\"og:locale\" content=\"en_GB\" \/>\n<meta property=\"og:type\" content=\"article\" \/>\n<meta property=\"og:title\" content=\"En savoir plus VBE -\" \/>\n<meta property=\"og:description\" content=\"Dessinateur \/ Projeteur en m\u00e9canique depuis 20 ans. Au cours de ma carri\u00e8re j&rsquo;ai \u00e9t\u00e9 amen\u00e9 \u00e0 concevoir des produits compos\u00e9s de 1 \u00e0 plus de 1000 pi\u00e8ces fabriqu\u00e9es diff\u00e9rentes (hors \u00e9l\u00e9ments standards), de quelques grammes \u00e0 plus de 50 tonnes, des plans d&rsquo;implantations, des skids de pompes, des tuyauteries de chaudi\u00e8res, des outillages, des [&hellip;]\" \/>\n<meta property=\"og:url\" content=\"https:\/\/seretudes.com\/en\/en-savoir-plus-vbe\/\" \/>\n<meta property=\"article:modified_time\" content=\"2025-08-29T10:28:54+00:00\" \/>\n<meta name=\"twitter:card\" content=\"summary_large_image\" \/>\n<meta name=\"twitter:label1\" content=\"Estimated reading time\" \/>\n\t<meta name=\"twitter:data1\" content=\"1 minute\" \/>\n<script type=\"application\/ld+json\" class=\"yoast-schema-graph\">{\"@context\":\"https:\/\/schema.org\",\"@graph\":[{\"@type\":\"WebPage\",\"@id\":\"https:\/\/seretudes.com\/en-savoir-plus-vbe\/\",\"url\":\"https:\/\/seretudes.com\/en-savoir-plus-vbe\/\",\"name\":\"En savoir plus VBE -\",\"isPartOf\":{\"@id\":\"https:\/\/seretudes.com\/#website\"},\"datePublished\":\"2018-10-10T13:14:12+00:00\",\"dateModified\":\"2025-08-29T10:28:54+00:00\",\"breadcrumb\":{\"@id\":\"https:\/\/seretudes.com\/en-savoir-plus-vbe\/#breadcrumb\"},\"inLanguage\":\"en-GB\",\"potentialAction\":[{\"@type\":\"ReadAction\",\"target\":[\"https:\/\/seretudes.com\/en-savoir-plus-vbe\/\"]}]},{\"@type\":\"BreadcrumbList\",\"@id\":\"https:\/\/seretudes.com\/en-savoir-plus-vbe\/#breadcrumb\",\"itemListElement\":[{\"@type\":\"ListItem\",\"position\":1,\"name\":\"Accueil\",\"item\":\"https:\/\/seretudes.com\/\"},{\"@type\":\"ListItem\",\"position\":2,\"name\":\"En savoir plus VBE\"}]},{\"@type\":\"WebSite\",\"@id\":\"https:\/\/seretudes.com\/#website\",\"url\":\"https:\/\/seretudes.com\/\",\"name\":\"S E R E T U D E S\",\"description\":\"Solution Efficace et R\u00e9active, aux entreprises ayants des besoins ponctuels ou r\u00e9guliers en CAO.\",\"publisher\":{\"@id\":\"https:\/\/seretudes.com\/#organization\"},\"potentialAction\":[{\"@type\":\"SearchAction\",\"target\":{\"@type\":\"EntryPoint\",\"urlTemplate\":\"https:\/\/seretudes.com\/?s={search_term_string}\"},\"query-input\":{\"@type\":\"PropertyValueSpecification\",\"valueRequired\":true,\"valueName\":\"search_term_string\"}}],\"inLanguage\":\"en-GB\"},{\"@type\":\"Organization\",\"@id\":\"https:\/\/seretudes.com\/#organization\",\"name\":\"Seretudes\",\"url\":\"https:\/\/seretudes.com\/\",\"logo\":{\"@type\":\"ImageObject\",\"inLanguage\":\"en-GB\",\"@id\":\"https:\/\/seretudes.com\/#\/schema\/logo\/image\/\",\"url\":\"https:\/\/seretudes.com\/wp-content\/uploads\/2019\/02\/SERETUDE_logo_1-3-e1551093177621.jpg\",\"contentUrl\":\"https:\/\/seretudes.com\/wp-content\/uploads\/2019\/02\/SERETUDE_logo_1-3-e1551093177621.jpg\",\"width\":935,\"height\":195,\"caption\":\"Seretudes\"},\"image\":{\"@id\":\"https:\/\/seretudes.com\/#\/schema\/logo\/image\/\"}}]}<\/script>\n<!-- \/ Yoast SEO plugin. -->","yoast_head_json":{"title":"En savoir plus VBE -","robots":{"index":"index","follow":"follow","max-snippet":"max-snippet:-1","max-image-preview":"max-image-preview:large","max-video-preview":"max-video-preview:-1"},"canonical":"https:\/\/seretudes.com\/en\/en-savoir-plus-vbe\/","og_locale":"en_GB","og_type":"article","og_title":"En savoir plus VBE -","og_description":"Dessinateur \/ Projeteur en m\u00e9canique depuis 20 ans. Au cours de ma carri\u00e8re j&rsquo;ai \u00e9t\u00e9 amen\u00e9 \u00e0 concevoir des produits compos\u00e9s de 1 \u00e0 plus de 1000 pi\u00e8ces fabriqu\u00e9es diff\u00e9rentes (hors \u00e9l\u00e9ments standards), de quelques grammes \u00e0 plus de 50 tonnes, des plans d&rsquo;implantations, des skids de pompes, des tuyauteries de chaudi\u00e8res, des outillages, des [&hellip;]","og_url":"https:\/\/seretudes.com\/en\/en-savoir-plus-vbe\/","article_modified_time":"2025-08-29T10:28:54+00:00","twitter_card":"summary_large_image","twitter_misc":{"Estimated reading time":"1 minute"},"schema":{"@context":"https:\/\/schema.org","@graph":[{"@type":"WebPage","@id":"https:\/\/seretudes.com\/en-savoir-plus-vbe\/","url":"https:\/\/seretudes.com\/en-savoir-plus-vbe\/","name":"En savoir plus VBE -","isPartOf":{"@id":"https:\/\/seretudes.com\/#website"},"datePublished":"2018-10-10T13:14:12+00:00","dateModified":"2025-08-29T10:28:54+00:00","breadcrumb":{"@id":"https:\/\/seretudes.com\/en-savoir-plus-vbe\/#breadcrumb"},"inLanguage":"en-GB","potentialAction":[{"@type":"ReadAction","target":["https:\/\/seretudes.com\/en-savoir-plus-vbe\/"]}]},{"@type":"BreadcrumbList","@id":"https:\/\/seretudes.com\/en-savoir-plus-vbe\/#breadcrumb","itemListElement":[{"@type":"ListItem","position":1,"name":"Accueil","item":"https:\/\/seretudes.com\/"},{"@type":"ListItem","position":2,"name":"En savoir plus VBE"}]},{"@type":"WebSite","@id":"https:\/\/seretudes.com\/#website","url":"https:\/\/seretudes.com\/","name":"S E R E T U D E S","description":"Efficient and Responsive Solution for companies looking for one-off or regular CAD services","publisher":{"@id":"https:\/\/seretudes.com\/#organization"},"potentialAction":[{"@type":"SearchAction","target":{"@type":"EntryPoint","urlTemplate":"https:\/\/seretudes.com\/?s={search_term_string}"},"query-input":{"@type":"PropertyValueSpecification","valueRequired":true,"valueName":"search_term_string"}}],"inLanguage":"en-GB"},{"@type":"Organization","@id":"https:\/\/seretudes.com\/#organization","name":"Seretudes","url":"https:\/\/seretudes.com\/","logo":{"@type":"ImageObject","inLanguage":"en-GB","@id":"https:\/\/seretudes.com\/#\/schema\/logo\/image\/","url":"https:\/\/seretudes.com\/wp-content\/uploads\/2019\/02\/SERETUDE_logo_1-3-e1551093177621.jpg","contentUrl":"https:\/\/seretudes.com\/wp-content\/uploads\/2019\/02\/SERETUDE_logo_1-3-e1551093177621.jpg","width":935,"height":195,"caption":"Seretudes"},"image":{"@id":"https:\/\/seretudes.com\/#\/schema\/logo\/image\/"}}]}},"jetpack_sharing_enabled":true,"_links":{"self":[{"href":"https:\/\/seretudes.com\/en\/wp-json\/wp\/v2\/pages\/309","targetHints":{"allow":["GET"]}}],"collection":[{"href":"https:\/\/seretudes.com\/en\/wp-json\/wp\/v2\/pages"}],"about":[{"href":"https:\/\/seretudes.com\/en\/wp-json\/wp\/v2\/types\/page"}],"author":[{"embeddable":true,"href":"https:\/\/seretudes.com\/en\/wp-json\/wp\/v2\/users\/3"}],"replies":[{"embeddable":true,"href":"https:\/\/seretudes.com\/en\/wp-json\/wp\/v2\/comments?post=309"}],"version-history":[{"count":7,"href":"https:\/\/seretudes.com\/en\/wp-json\/wp\/v2\/pages\/309\/revisions"}],"predecessor-version":[{"id":2069,"href":"https:\/\/seretudes.com\/en\/wp-json\/wp\/v2\/pages\/309\/revisions\/2069"}],"wp:attachment":[{"href":"https:\/\/seretudes.com\/en\/wp-json\/wp\/v2\/media?parent=309"}],"curies":[{"name":"wp","href":"https:\/\/api.w.org\/{rel}","templated":true}]}}