{"id":785,"date":"2020-05-01T07:58:28","date_gmt":"2020-05-01T05:58:28","guid":{"rendered":"https:\/\/seretudes.com\/?page_id=785"},"modified":"2021-02-08T14:31:25","modified_gmt":"2021-02-08T13:31:25","slug":"en-savoir-plus-cbe","status":"publish","type":"page","link":"https:\/\/seretudes.com\/en\/en-savoir-plus-cbe\/","title":{"rendered":"More about Christian"},"content":{"rendered":"<p>I have been working as a Project manager in engineering, manufacturing and construction companies for about 10 years.<\/p>\n<p>During my career, the projects I have been charge of covered all the phases of the development and construction of various structures and machines:<\/p>\n<ul>\n<li>Heavy equipment and welded structures for the oil and gas industry in Africa<\/li>\n<li>Conveyors and other machines for process industries in China<\/li>\n<li>Piping for offshore installation and vessels (Oil an Gas)<\/li>\n<li>Heavy machines maintenance for nuclear power plants in France<span class=\"Apple-converted-space\">\u00a0<\/span><\/li>\n<li>Custom designed machines<\/li>\n<\/ul>\n<p>In charge of our Serprojects activity, my ability to work on Solidworks and my work experience in mechanical design, manufacturing and onsite work enable me to also provide CAD services.<\/p>\n<p>To date, my work specifically in CAD has mainly concerned custom designed machines, onsite work procedures, welded structures, prototyping, factories layout drawings, electrical cabinets and design parts.<\/p>","protected":false},"excerpt":{"rendered":"<p>Chef de projet dans des entreprises d\u2019ing\u00e9nierie, de fabrication et de travaux pendant une 10aine d\u2019ann\u00e9es. Au cours de ma carri\u00e8re, les projets qui m&rsquo;ont \u00e9t\u00e9 confi\u00e9s ont couvert l&rsquo;ensemble des phases de la r\u00e9alisation de structures et de machines diverses : Structures m\u00e9cano-soud\u00e9es de plusieurs tonnes pour l&rsquo;industrie p\u00e9troli\u00e8re en Afrique, Convoyeurs d&rsquo;usines en [&hellip;]<\/p>\n","protected":false},"author":4,"featured_media":0,"parent":0,"menu_order":0,"comment_status":"closed","ping_status":"closed","template":"","meta":{"footnotes":""},"class_list":["post-785","page","type-page","status-publish","hentry"],"yoast_head":"<!-- This site is optimized with the Yoast SEO plugin v24.1 - https:\/\/yoast.com\/wordpress\/plugins\/seo\/ -->\n<title>En savoir plus CBE -<\/title>\n<meta name=\"robots\" content=\"index, follow, max-snippet:-1, max-image-preview:large, max-video-preview:-1\" \/>\n<link rel=\"canonical\" href=\"https:\/\/seretudes.com\/en\/en-savoir-plus-cbe\/\" \/>\n<meta property=\"og:locale\" content=\"en_GB\" \/>\n<meta property=\"og:type\" content=\"article\" \/>\n<meta property=\"og:title\" content=\"En savoir plus CBE -\" \/>\n<meta property=\"og:description\" content=\"Chef de projet dans des entreprises d\u2019ing\u00e9nierie, de fabrication et de travaux pendant une 10aine d\u2019ann\u00e9es. Au cours de ma carri\u00e8re, les projets qui m&rsquo;ont \u00e9t\u00e9 confi\u00e9s ont couvert l&rsquo;ensemble des phases de la r\u00e9alisation de structures et de machines diverses : Structures m\u00e9cano-soud\u00e9es de plusieurs tonnes pour l&rsquo;industrie p\u00e9troli\u00e8re en Afrique, Convoyeurs d&rsquo;usines en [&hellip;]\" \/>\n<meta property=\"og:url\" content=\"https:\/\/seretudes.com\/en\/en-savoir-plus-cbe\/\" \/>\n<meta property=\"article:modified_time\" content=\"2021-02-08T13:31:25+00:00\" \/>\n<meta name=\"twitter:card\" content=\"summary_large_image\" \/>\n<meta name=\"twitter:label1\" content=\"Estimated reading time\" \/>\n\t<meta name=\"twitter:data1\" content=\"1 minute\" \/>\n<script type=\"application\/ld+json\" class=\"yoast-schema-graph\">{\"@context\":\"https:\/\/schema.org\",\"@graph\":[{\"@type\":\"WebPage\",\"@id\":\"https:\/\/seretudes.com\/en-savoir-plus-cbe\/\",\"url\":\"https:\/\/seretudes.com\/en-savoir-plus-cbe\/\",\"name\":\"En savoir plus CBE -\",\"isPartOf\":{\"@id\":\"https:\/\/seretudes.com\/#website\"},\"datePublished\":\"2020-05-01T05:58:28+00:00\",\"dateModified\":\"2021-02-08T13:31:25+00:00\",\"breadcrumb\":{\"@id\":\"https:\/\/seretudes.com\/en-savoir-plus-cbe\/#breadcrumb\"},\"inLanguage\":\"en-GB\",\"potentialAction\":[{\"@type\":\"ReadAction\",\"target\":[\"https:\/\/seretudes.com\/en-savoir-plus-cbe\/\"]}]},{\"@type\":\"BreadcrumbList\",\"@id\":\"https:\/\/seretudes.com\/en-savoir-plus-cbe\/#breadcrumb\",\"itemListElement\":[{\"@type\":\"ListItem\",\"position\":1,\"name\":\"Accueil\",\"item\":\"https:\/\/seretudes.com\/\"},{\"@type\":\"ListItem\",\"position\":2,\"name\":\"En savoir plus CBE\"}]},{\"@type\":\"WebSite\",\"@id\":\"https:\/\/seretudes.com\/#website\",\"url\":\"https:\/\/seretudes.com\/\",\"name\":\"S E R E T U D E S\",\"description\":\"Solution Efficace et R\u00e9active, aux entreprises ayants des besoins ponctuels ou r\u00e9guliers en CAO.\",\"publisher\":{\"@id\":\"https:\/\/seretudes.com\/#organization\"},\"potentialAction\":[{\"@type\":\"SearchAction\",\"target\":{\"@type\":\"EntryPoint\",\"urlTemplate\":\"https:\/\/seretudes.com\/?s={search_term_string}\"},\"query-input\":{\"@type\":\"PropertyValueSpecification\",\"valueRequired\":true,\"valueName\":\"search_term_string\"}}],\"inLanguage\":\"en-GB\"},{\"@type\":\"Organization\",\"@id\":\"https:\/\/seretudes.com\/#organization\",\"name\":\"Seretudes\",\"url\":\"https:\/\/seretudes.com\/\",\"logo\":{\"@type\":\"ImageObject\",\"inLanguage\":\"en-GB\",\"@id\":\"https:\/\/seretudes.com\/#\/schema\/logo\/image\/\",\"url\":\"https:\/\/seretudes.com\/wp-content\/uploads\/2019\/02\/SERETUDE_logo_1-3-e1551093177621.jpg\",\"contentUrl\":\"https:\/\/seretudes.com\/wp-content\/uploads\/2019\/02\/SERETUDE_logo_1-3-e1551093177621.jpg\",\"width\":935,\"height\":195,\"caption\":\"Seretudes\"},\"image\":{\"@id\":\"https:\/\/seretudes.com\/#\/schema\/logo\/image\/\"}}]}<\/script>\n<!-- \/ Yoast SEO plugin. -->","yoast_head_json":{"title":"En savoir plus CBE -","robots":{"index":"index","follow":"follow","max-snippet":"max-snippet:-1","max-image-preview":"max-image-preview:large","max-video-preview":"max-video-preview:-1"},"canonical":"https:\/\/seretudes.com\/en\/en-savoir-plus-cbe\/","og_locale":"en_GB","og_type":"article","og_title":"En savoir plus CBE -","og_description":"Chef de projet dans des entreprises d\u2019ing\u00e9nierie, de fabrication et de travaux pendant une 10aine d\u2019ann\u00e9es. Au cours de ma carri\u00e8re, les projets qui m&rsquo;ont \u00e9t\u00e9 confi\u00e9s ont couvert l&rsquo;ensemble des phases de la r\u00e9alisation de structures et de machines diverses : Structures m\u00e9cano-soud\u00e9es de plusieurs tonnes pour l&rsquo;industrie p\u00e9troli\u00e8re en Afrique, Convoyeurs d&rsquo;usines en [&hellip;]","og_url":"https:\/\/seretudes.com\/en\/en-savoir-plus-cbe\/","article_modified_time":"2021-02-08T13:31:25+00:00","twitter_card":"summary_large_image","twitter_misc":{"Estimated reading time":"1 minute"},"schema":{"@context":"https:\/\/schema.org","@graph":[{"@type":"WebPage","@id":"https:\/\/seretudes.com\/en-savoir-plus-cbe\/","url":"https:\/\/seretudes.com\/en-savoir-plus-cbe\/","name":"En savoir plus CBE -","isPartOf":{"@id":"https:\/\/seretudes.com\/#website"},"datePublished":"2020-05-01T05:58:28+00:00","dateModified":"2021-02-08T13:31:25+00:00","breadcrumb":{"@id":"https:\/\/seretudes.com\/en-savoir-plus-cbe\/#breadcrumb"},"inLanguage":"en-GB","potentialAction":[{"@type":"ReadAction","target":["https:\/\/seretudes.com\/en-savoir-plus-cbe\/"]}]},{"@type":"BreadcrumbList","@id":"https:\/\/seretudes.com\/en-savoir-plus-cbe\/#breadcrumb","itemListElement":[{"@type":"ListItem","position":1,"name":"Accueil","item":"https:\/\/seretudes.com\/"},{"@type":"ListItem","position":2,"name":"En savoir plus CBE"}]},{"@type":"WebSite","@id":"https:\/\/seretudes.com\/#website","url":"https:\/\/seretudes.com\/","name":"S E R E T U D E S","description":"Efficient and Responsive Solution for companies looking for one-off or regular CAD services","publisher":{"@id":"https:\/\/seretudes.com\/#organization"},"potentialAction":[{"@type":"SearchAction","target":{"@type":"EntryPoint","urlTemplate":"https:\/\/seretudes.com\/?s={search_term_string}"},"query-input":{"@type":"PropertyValueSpecification","valueRequired":true,"valueName":"search_term_string"}}],"inLanguage":"en-GB"},{"@type":"Organization","@id":"https:\/\/seretudes.com\/#organization","name":"Seretudes","url":"https:\/\/seretudes.com\/","logo":{"@type":"ImageObject","inLanguage":"en-GB","@id":"https:\/\/seretudes.com\/#\/schema\/logo\/image\/","url":"https:\/\/seretudes.com\/wp-content\/uploads\/2019\/02\/SERETUDE_logo_1-3-e1551093177621.jpg","contentUrl":"https:\/\/seretudes.com\/wp-content\/uploads\/2019\/02\/SERETUDE_logo_1-3-e1551093177621.jpg","width":935,"height":195,"caption":"Seretudes"},"image":{"@id":"https:\/\/seretudes.com\/#\/schema\/logo\/image\/"}}]}},"jetpack_sharing_enabled":true,"_links":{"self":[{"href":"https:\/\/seretudes.com\/en\/wp-json\/wp\/v2\/pages\/785","targetHints":{"allow":["GET"]}}],"collection":[{"href":"https:\/\/seretudes.com\/en\/wp-json\/wp\/v2\/pages"}],"about":[{"href":"https:\/\/seretudes.com\/en\/wp-json\/wp\/v2\/types\/page"}],"author":[{"embeddable":true,"href":"https:\/\/seretudes.com\/en\/wp-json\/wp\/v2\/users\/4"}],"replies":[{"embeddable":true,"href":"https:\/\/seretudes.com\/en\/wp-json\/wp\/v2\/comments?post=785"}],"version-history":[{"count":3,"href":"https:\/\/seretudes.com\/en\/wp-json\/wp\/v2\/pages\/785\/revisions"}],"predecessor-version":[{"id":1255,"href":"https:\/\/seretudes.com\/en\/wp-json\/wp\/v2\/pages\/785\/revisions\/1255"}],"wp:attachment":[{"href":"https:\/\/seretudes.com\/en\/wp-json\/wp\/v2\/media?parent=785"}],"curies":[{"name":"wp","href":"https:\/\/api.w.org\/{rel}","templated":true}]}}