{"id":831,"date":"2020-05-03T18:36:30","date_gmt":"2020-05-03T16:36:30","guid":{"rendered":"https:\/\/seretudes.com\/?page_id=831"},"modified":"2021-02-09T11:31:59","modified_gmt":"2021-02-09T10:31:59","slug":"telechargements","status":"publish","type":"page","link":"https:\/\/seretudes.com\/en\/telechargements\/","title":{"rendered":"DOWNLOADS"},"content":{"rendered":"<div data-elementor-type=\"wp-page\" data-elementor-id=\"831\" class=\"elementor elementor-831\">\n\t\t\t\t\t\t<section class=\"elementor-section elementor-top-section elementor-element elementor-element-b3393a1 elementor-section-boxed elementor-section-height-default elementor-section-height-default\" data-id=\"b3393a1\" data-element_type=\"section\" data-e-type=\"section\">\n\t\t\t\t\t\t<div class=\"elementor-container elementor-column-gap-default\">\n\t\t\t\t\t<div class=\"elementor-column elementor-col-33 elementor-top-column elementor-element elementor-element-4262228\" data-id=\"4262228\" data-element_type=\"column\" data-e-type=\"column\">\n\t\t\t<div class=\"elementor-widget-wrap elementor-element-populated\">\n\t\t\t\t\t\t<div class=\"elementor-element elementor-element-7278b52 elementor-widget elementor-widget-text-editor\" data-id=\"7278b52\" data-element_type=\"widget\" data-e-type=\"widget\" data-widget_type=\"text-editor.default\">\n\t\t\t\t<div class=\"elementor-widget-container\">\n\t\t\t\t\t\t\t\t\t<h2 class=\"elementor-heading-title elementor-size-default\">DOWNLOADS<\/h2>\t\t\t\t\t\t\t\t<\/div>\n\t\t\t\t<\/div>\n\t\t\t\t<div class=\"elementor-element elementor-element-e8a5619 elementor-align-start elementor-icon-list--layout-traditional elementor-list-item-link-full_width elementor-widget elementor-widget-icon-list\" data-id=\"e8a5619\" data-element_type=\"widget\" data-e-type=\"widget\" data-widget_type=\"icon-list.default\">\n\t\t\t\t<div class=\"elementor-widget-container\">\n\t\t\t\t\t\t\t<ul class=\"elementor-icon-list-items\">\n\t\t\t\t\t\t\t<li class=\"elementor-icon-list-item\">\n\t\t\t\t\t\t\t\t\t\t\t<a href=\"https:\/\/seretudes.com\/en\/telechargements-checklistes\/\">\n\n\t\t\t\t\t\t\t\t\t\t\t\t<span class=\"elementor-icon-list-icon\">\n\t\t\t\t\t\t\t<i aria-hidden=\"true\" class=\"fas fa-mouse-pointer\"><\/i>\t\t\t\t\t\t<\/span>\n\t\t\t\t\t\t\t\t\t\t<span class=\"elementor-icon-list-text\">Checklists<\/span>\n\t\t\t\t\t\t\t\t\t\t\t<\/a>\n\t\t\t\t\t\t\t\t\t<\/li>\n\t\t\t\t\t\t<\/ul>\n\t\t\t\t\t\t<\/div>\n\t\t\t\t<\/div>\n\t\t\t\t<div class=\"elementor-element elementor-element-ba48097 elementor-align-start elementor-icon-list--layout-traditional elementor-list-item-link-full_width elementor-widget elementor-widget-icon-list\" data-id=\"ba48097\" data-element_type=\"widget\" data-e-type=\"widget\" data-widget_type=\"icon-list.default\">\n\t\t\t\t<div class=\"elementor-widget-container\">\n\t\t\t\t\t\t\t<ul class=\"elementor-icon-list-items\">\n\t\t\t\t\t\t\t<li class=\"elementor-icon-list-item\">\n\t\t\t\t\t\t\t\t\t\t\t<a href=\"https:\/\/seretudes.com\/en\/telechargements-proppersonnalisees\/\">\n\n\t\t\t\t\t\t\t\t\t\t\t\t<span class=\"elementor-icon-list-icon\">\n\t\t\t\t\t\t\t<i aria-hidden=\"true\" class=\"fas fa-mouse-pointer\"><\/i>\t\t\t\t\t\t<\/span>\n\t\t\t\t\t\t\t\t\t\t<span class=\"elementor-icon-list-text\">Solidworks custom properties<\/span>\n\t\t\t\t\t\t\t\t\t\t\t<\/a>\n\t\t\t\t\t\t\t\t\t<\/li>\n\t\t\t\t\t\t\t\t<li class=\"elementor-icon-list-item\">\n\t\t\t\t\t\t\t\t\t\t\t<a href=\"https:\/\/seretudes.com\/en\/telechargements-fdp\/\">\n\n\t\t\t\t\t\t\t\t\t\t\t\t<span class=\"elementor-icon-list-icon\">\n\t\t\t\t\t\t\t<i aria-hidden=\"true\" class=\"fas fa-mouse-pointer\"><\/i>\t\t\t\t\t\t<\/span>\n\t\t\t\t\t\t\t\t\t\t<span class=\"elementor-icon-list-text\">Solidworks drawing Templates<\/span>\n\t\t\t\t\t\t\t\t\t\t\t<\/a>\n\t\t\t\t\t\t\t\t\t<\/li>\n\t\t\t\t\t\t\t\t<li class=\"elementor-icon-list-item\">\n\t\t\t\t\t\t\t\t\t\t\t<a href=\"https:\/\/seretudes.com\/en\/telechargements-pieces\/\">\n\n\t\t\t\t\t\t\t\t\t\t\t\t<span class=\"elementor-icon-list-icon\">\n\t\t\t\t\t\t\t<i aria-hidden=\"true\" class=\"fas fa-mouse-pointer\"><\/i>\t\t\t\t\t\t<\/span>\n\t\t\t\t\t\t\t\t\t\t<span class=\"elementor-icon-list-text\">Solidworks configured parts<\/span>\n\t\t\t\t\t\t\t\t\t\t\t<\/a>\n\t\t\t\t\t\t\t\t\t<\/li>\n\t\t\t\t\t\t<\/ul>\n\t\t\t\t\t\t<\/div>\n\t\t\t\t<\/div>\n\t\t\t\t<div class=\"elementor-element elementor-element-d2db39e elementor-align-start elementor-icon-list--layout-traditional elementor-list-item-link-full_width elementor-widget elementor-widget-icon-list\" data-id=\"d2db39e\" data-element_type=\"widget\" data-e-type=\"widget\" data-widget_type=\"icon-list.default\">\n\t\t\t\t<div class=\"elementor-widget-container\">\n\t\t\t\t\t\t\t<ul class=\"elementor-icon-list-items\">\n\t\t\t\t\t\t\t<li class=\"elementor-icon-list-item\">\n\t\t\t\t\t\t\t\t\t\t\t<a href=\"https:\/\/seretudes.com\/en\/telechargements-MS\/\">\n\n\t\t\t\t\t\t\t\t\t\t\t\t<span class=\"elementor-icon-list-icon\">\n\t\t\t\t\t\t\t<i aria-hidden=\"true\" class=\"fas fa-mouse-pointer\"><\/i>\t\t\t\t\t\t<\/span>\n\t\t\t\t\t\t\t\t\t\t<span class=\"elementor-icon-list-text\">Concept : Solar Mast<\/span>\n\t\t\t\t\t\t\t\t\t\t\t<\/a>\n\t\t\t\t\t\t\t\t\t<\/li>\n\t\t\t\t\t\t<\/ul>\n\t\t\t\t\t\t<\/div>\n\t\t\t\t<\/div>\n\t\t\t\t<div class=\"elementor-element elementor-element-6635fd2 elementor-widget elementor-widget-text-editor\" data-id=\"6635fd2\" data-element_type=\"widget\" data-e-type=\"widget\" data-widget_type=\"text-editor.default\">\n\t\t\t\t<div class=\"elementor-widget-container\">\n\t\t\t\t\t\t\t\t\t<h2 class=\"elementor-heading-title elementor-size-default\">Articles<\/h2>\t\t\t\t\t\t\t\t<\/div>\n\t\t\t\t<\/div>\n\t\t\t\t<div class=\"elementor-element elementor-element-bc15807 elementor-align-start elementor-icon-list--layout-traditional elementor-list-item-link-full_width elementor-widget elementor-widget-icon-list\" data-id=\"bc15807\" data-element_type=\"widget\" data-e-type=\"widget\" data-widget_type=\"icon-list.default\">\n\t\t\t\t<div class=\"elementor-widget-container\">\n\t\t\t\t\t\t\t<ul class=\"elementor-icon-list-items\">\n\t\t\t\t\t\t\t<li class=\"elementor-icon-list-item\">\n\t\t\t\t\t\t\t\t\t\t\t<a href=\"https:\/\/seretudes.com\/en\/telechargements-fichiers-cao\/\">\n\n\t\t\t\t\t\t\t\t\t\t\t\t<span class=\"elementor-icon-list-icon\">\n\t\t\t\t\t\t\t<i aria-hidden=\"true\" class=\"fas fa-mouse-pointer\"><\/i>\t\t\t\t\t\t<\/span>\n\t\t\t\t\t\t\t\t\t\t<span class=\"elementor-icon-list-text\">Managing CAD files (yet in french only)<\/span>\n\t\t\t\t\t\t\t\t\t\t\t<\/a>\n\t\t\t\t\t\t\t\t\t<\/li>\n\t\t\t\t\t\t<\/ul>\n\t\t\t\t\t\t<\/div>\n\t\t\t\t<\/div>\n\t\t\t\t\t<\/div>\n\t\t<\/div>\n\t\t\t\t<div class=\"elementor-column elementor-col-66 elementor-top-column elementor-element elementor-element-04c84be\" data-id=\"04c84be\" data-element_type=\"column\" data-e-type=\"column\">\n\t\t\t<div class=\"elementor-widget-wrap elementor-element-populated\">\n\t\t\t\t\t\t<div class=\"elementor-element elementor-element-6fefac9 elementor-widget elementor-widget-text-editor\" data-id=\"6fefac9\" data-element_type=\"widget\" data-e-type=\"widget\" data-widget_type=\"text-editor.default\">\n\t\t\t\t<div class=\"elementor-widget-container\">\n\t\t\t\t\t\t\t\t\t<p style=\"margin: 0cm 0cm 0.0001pt; font-size: medium; font-family: Calibri, sans-serif; caret-color: #000000; color: #000000; font-style: normal; font-variant-caps: normal; font-weight: normal; letter-spacing: normal; orphans: auto; text-align: start; text-indent: 0px; text-transform: none; white-space: normal; widows: auto; word-spacing: 0px; -webkit-text-size-adjust: auto; -webkit-text-stroke-width: 0px; text-decoration: none; vertical-align: baseline;\"><b><span style=\"font-size: 18pt; font-family: Arial, sans-serif; color: #7a7a7a;\">About<\/span><\/b><\/p><p>In this section, we propose free downloads.<\/p><p>These are files created by us and for which we believe they are likely to be of interest, or potentially useful, to a large proportion of visitors of our site.<\/p><p>We are open to any comments or suggestions about these files, please do not hesitate to\u00a0<a href=\"https:\/\/seretudes.com\/en\/contact\/\" target=\"_blank\" rel=\"noopener\"><span style=\"text-decoration: underline;\"><span style=\"color: #333399; text-decoration: underline;\">contact us<\/span><\/span><\/a>\u00a0at your wish.<\/p><p>Also, if these files happen to be useful to you, feel free to send us a thank-you message or to share your experience using it, it will certainly please us.<\/p><p><span style=\"color: var( --e-global-color-text ); font-family: var( --e-global-typography-text-font-family ), Sans-serif; font-size: 14px;\">Finally, we also propose an article dealing with the problems of organisation, referencing and naming of CAD files. This may be useful if you happen to work on assemblies and you do not have a clear solution to manage your files in Solidworks and in Windows.<\/span><\/p><p style=\"margin: 0cm 0cm 0.0001pt; font-size: medium; font-family: Calibri, sans-serif; caret-color: #000000; color: #000000; font-style: normal; font-variant-caps: normal; font-weight: normal; letter-spacing: normal; orphans: auto; text-align: start; text-indent: 0px; text-transform: none; white-space: normal; widows: auto; word-spacing: 0px; -webkit-text-size-adjust: auto; -webkit-text-stroke-width: 0px; text-decoration: none; vertical-align: baseline;\"><span style=\"font-size: 14px; color: var( --e-global-color-text ); font-family: var( --e-global-typography-text-font-family ), Sans-serif;\">Important notice :<\/span><\/p><p style=\"margin: 0cm 0cm 0.0001pt; font-size: medium; font-family: Calibri, sans-serif; caret-color: #000000; color: #000000; font-style: normal; font-variant-caps: normal; font-weight: normal; letter-spacing: normal; orphans: auto; text-align: start; text-indent: 0px; text-transform: none; white-space: normal; widows: auto; word-spacing: 0px; -webkit-text-size-adjust: auto; -webkit-text-stroke-width: 0px; text-decoration: none; vertical-align: baseline;\"><span style=\"font-size: 14px; color: var( --e-global-color-text ); font-family: var( --e-global-typography-text-font-family ), Sans-serif;\">As downloads are available here for free, we specify that under no circumstances can we be held liable for any use of or reference to the downloaded files in any way whatsoever.<\/span><span style=\"color: #7a7a7a; font-family: Arial, sans-serif; font-size: 10.5pt;\">\u00a0<\/span><\/p>\t\t\t\t\t\t\t\t<\/div>\n\t\t\t\t<\/div>\n\t\t\t\t\t<\/div>\n\t\t<\/div>\n\t\t\t\t\t<\/div>\n\t\t<\/section>\n\t\t\t\t<\/div>","protected":false},"excerpt":{"rendered":"<p>T\u00e9l\u00e9chargements Checklistes Propri\u00e9t\u00e9s personnalis\u00e9es Solidworks Fonds de plans Solidworks Pi\u00e8ces param\u00e9tr\u00e9es Solidworks Concept : MAT SOLAIRE Articles Organiser ses fichiers CAO A propos des t\u00e9l\u00e9chargements Nous proposons ici des t\u00e9l\u00e9chargements de fichiers en libre service. Il s&rsquo;agit de fichiers r\u00e9alis\u00e9s par nos soins et nous pensons qu&rsquo;ils sont susceptibles d&rsquo;int\u00e9resser, ou potentiellement d&rsquo;\u00eatre utile \u00e0 [&hellip;]<\/p>\n","protected":false},"author":1,"featured_media":0,"parent":0,"menu_order":0,"comment_status":"closed","ping_status":"closed","template":"","meta":{"footnotes":""},"class_list":["post-831","page","type-page","status-publish","hentry"],"yoast_head":"<!-- This site is optimized with the Yoast SEO plugin v24.1 - https:\/\/yoast.com\/wordpress\/plugins\/seo\/ -->\n<title>T\u00e9l\u00e9chargements -<\/title>\n<meta name=\"robots\" content=\"index, follow, max-snippet:-1, max-image-preview:large, max-video-preview:-1\" \/>\n<link rel=\"canonical\" href=\"https:\/\/seretudes.com\/en\/telechargements\/\" \/>\n<meta property=\"og:locale\" content=\"en_GB\" \/>\n<meta property=\"og:type\" content=\"article\" \/>\n<meta property=\"og:title\" content=\"T\u00e9l\u00e9chargements -\" \/>\n<meta property=\"og:description\" content=\"T\u00e9l\u00e9chargements Checklistes Propri\u00e9t\u00e9s personnalis\u00e9es Solidworks Fonds de plans Solidworks Pi\u00e8ces param\u00e9tr\u00e9es Solidworks Concept : MAT SOLAIRE Articles Organiser ses fichiers CAO A propos des t\u00e9l\u00e9chargements Nous proposons ici des t\u00e9l\u00e9chargements de fichiers en libre service. Il s&rsquo;agit de fichiers r\u00e9alis\u00e9s par nos soins et nous pensons qu&rsquo;ils sont susceptibles d&rsquo;int\u00e9resser, ou potentiellement d&rsquo;\u00eatre utile \u00e0 [&hellip;]\" \/>\n<meta property=\"og:url\" content=\"https:\/\/seretudes.com\/en\/telechargements\/\" \/>\n<meta property=\"article:modified_time\" content=\"2021-02-09T10:31:59+00:00\" \/>\n<meta name=\"twitter:card\" content=\"summary_large_image\" \/>\n<meta name=\"twitter:label1\" content=\"Estimated reading time\" \/>\n\t<meta name=\"twitter:data1\" content=\"1 minute\" \/>\n<script type=\"application\/ld+json\" class=\"yoast-schema-graph\">{\"@context\":\"https:\/\/schema.org\",\"@graph\":[{\"@type\":\"WebPage\",\"@id\":\"https:\/\/seretudes.com\/telechargements\/\",\"url\":\"https:\/\/seretudes.com\/telechargements\/\",\"name\":\"T\u00e9l\u00e9chargements -\",\"isPartOf\":{\"@id\":\"https:\/\/seretudes.com\/#website\"},\"datePublished\":\"2020-05-03T16:36:30+00:00\",\"dateModified\":\"2021-02-09T10:31:59+00:00\",\"breadcrumb\":{\"@id\":\"https:\/\/seretudes.com\/telechargements\/#breadcrumb\"},\"inLanguage\":\"en-GB\",\"potentialAction\":[{\"@type\":\"ReadAction\",\"target\":[\"https:\/\/seretudes.com\/telechargements\/\"]}]},{\"@type\":\"BreadcrumbList\",\"@id\":\"https:\/\/seretudes.com\/telechargements\/#breadcrumb\",\"itemListElement\":[{\"@type\":\"ListItem\",\"position\":1,\"name\":\"Accueil\",\"item\":\"https:\/\/seretudes.com\/\"},{\"@type\":\"ListItem\",\"position\":2,\"name\":\"T\u00e9l\u00e9chargements\"}]},{\"@type\":\"WebSite\",\"@id\":\"https:\/\/seretudes.com\/#website\",\"url\":\"https:\/\/seretudes.com\/\",\"name\":\"S E R E T U D E S\",\"description\":\"Solution Efficace et R\u00e9active, aux entreprises ayants des besoins ponctuels ou r\u00e9guliers en CAO.\",\"publisher\":{\"@id\":\"https:\/\/seretudes.com\/#organization\"},\"potentialAction\":[{\"@type\":\"SearchAction\",\"target\":{\"@type\":\"EntryPoint\",\"urlTemplate\":\"https:\/\/seretudes.com\/?s={search_term_string}\"},\"query-input\":{\"@type\":\"PropertyValueSpecification\",\"valueRequired\":true,\"valueName\":\"search_term_string\"}}],\"inLanguage\":\"en-GB\"},{\"@type\":\"Organization\",\"@id\":\"https:\/\/seretudes.com\/#organization\",\"name\":\"Seretudes\",\"url\":\"https:\/\/seretudes.com\/\",\"logo\":{\"@type\":\"ImageObject\",\"inLanguage\":\"en-GB\",\"@id\":\"https:\/\/seretudes.com\/#\/schema\/logo\/image\/\",\"url\":\"https:\/\/seretudes.com\/wp-content\/uploads\/2019\/02\/SERETUDE_logo_1-3-e1551093177621.jpg\",\"contentUrl\":\"https:\/\/seretudes.com\/wp-content\/uploads\/2019\/02\/SERETUDE_logo_1-3-e1551093177621.jpg\",\"width\":935,\"height\":195,\"caption\":\"Seretudes\"},\"image\":{\"@id\":\"https:\/\/seretudes.com\/#\/schema\/logo\/image\/\"}}]}<\/script>\n<!-- \/ Yoast SEO plugin. -->","yoast_head_json":{"title":"T\u00e9l\u00e9chargements -","robots":{"index":"index","follow":"follow","max-snippet":"max-snippet:-1","max-image-preview":"max-image-preview:large","max-video-preview":"max-video-preview:-1"},"canonical":"https:\/\/seretudes.com\/en\/telechargements\/","og_locale":"en_GB","og_type":"article","og_title":"T\u00e9l\u00e9chargements -","og_description":"T\u00e9l\u00e9chargements Checklistes Propri\u00e9t\u00e9s personnalis\u00e9es Solidworks Fonds de plans Solidworks Pi\u00e8ces param\u00e9tr\u00e9es Solidworks Concept : MAT SOLAIRE Articles Organiser ses fichiers CAO A propos des t\u00e9l\u00e9chargements Nous proposons ici des t\u00e9l\u00e9chargements de fichiers en libre service. Il s&rsquo;agit de fichiers r\u00e9alis\u00e9s par nos soins et nous pensons qu&rsquo;ils sont susceptibles d&rsquo;int\u00e9resser, ou potentiellement d&rsquo;\u00eatre utile \u00e0 [&hellip;]","og_url":"https:\/\/seretudes.com\/en\/telechargements\/","article_modified_time":"2021-02-09T10:31:59+00:00","twitter_card":"summary_large_image","twitter_misc":{"Estimated reading time":"1 minute"},"schema":{"@context":"https:\/\/schema.org","@graph":[{"@type":"WebPage","@id":"https:\/\/seretudes.com\/telechargements\/","url":"https:\/\/seretudes.com\/telechargements\/","name":"T\u00e9l\u00e9chargements -","isPartOf":{"@id":"https:\/\/seretudes.com\/#website"},"datePublished":"2020-05-03T16:36:30+00:00","dateModified":"2021-02-09T10:31:59+00:00","breadcrumb":{"@id":"https:\/\/seretudes.com\/telechargements\/#breadcrumb"},"inLanguage":"en-GB","potentialAction":[{"@type":"ReadAction","target":["https:\/\/seretudes.com\/telechargements\/"]}]},{"@type":"BreadcrumbList","@id":"https:\/\/seretudes.com\/telechargements\/#breadcrumb","itemListElement":[{"@type":"ListItem","position":1,"name":"Accueil","item":"https:\/\/seretudes.com\/"},{"@type":"ListItem","position":2,"name":"T\u00e9l\u00e9chargements"}]},{"@type":"WebSite","@id":"https:\/\/seretudes.com\/#website","url":"https:\/\/seretudes.com\/","name":"S E R E T U D E S","description":"Efficient and Responsive Solution for companies looking for one-off or regular CAD services","publisher":{"@id":"https:\/\/seretudes.com\/#organization"},"potentialAction":[{"@type":"SearchAction","target":{"@type":"EntryPoint","urlTemplate":"https:\/\/seretudes.com\/?s={search_term_string}"},"query-input":{"@type":"PropertyValueSpecification","valueRequired":true,"valueName":"search_term_string"}}],"inLanguage":"en-GB"},{"@type":"Organization","@id":"https:\/\/seretudes.com\/#organization","name":"Seretudes","url":"https:\/\/seretudes.com\/","logo":{"@type":"ImageObject","inLanguage":"en-GB","@id":"https:\/\/seretudes.com\/#\/schema\/logo\/image\/","url":"https:\/\/seretudes.com\/wp-content\/uploads\/2019\/02\/SERETUDE_logo_1-3-e1551093177621.jpg","contentUrl":"https:\/\/seretudes.com\/wp-content\/uploads\/2019\/02\/SERETUDE_logo_1-3-e1551093177621.jpg","width":935,"height":195,"caption":"Seretudes"},"image":{"@id":"https:\/\/seretudes.com\/#\/schema\/logo\/image\/"}}]}},"jetpack_sharing_enabled":true,"_links":{"self":[{"href":"https:\/\/seretudes.com\/en\/wp-json\/wp\/v2\/pages\/831","targetHints":{"allow":["GET"]}}],"collection":[{"href":"https:\/\/seretudes.com\/en\/wp-json\/wp\/v2\/pages"}],"about":[{"href":"https:\/\/seretudes.com\/en\/wp-json\/wp\/v2\/types\/page"}],"author":[{"embeddable":true,"href":"https:\/\/seretudes.com\/en\/wp-json\/wp\/v2\/users\/1"}],"replies":[{"embeddable":true,"href":"https:\/\/seretudes.com\/en\/wp-json\/wp\/v2\/comments?post=831"}],"version-history":[{"count":98,"href":"https:\/\/seretudes.com\/en\/wp-json\/wp\/v2\/pages\/831\/revisions"}],"predecessor-version":[{"id":1466,"href":"https:\/\/seretudes.com\/en\/wp-json\/wp\/v2\/pages\/831\/revisions\/1466"}],"wp:attachment":[{"href":"https:\/\/seretudes.com\/en\/wp-json\/wp\/v2\/media?parent=831"}],"curies":[{"name":"wp","href":"https:\/\/api.w.org\/{rel}","templated":true}]}}