{"id":89,"date":"2018-09-19T23:06:16","date_gmt":"2018-09-19T22:06:16","guid":{"rendered":"https:\/\/seretudes.wordpress.com\/?page_id=89"},"modified":"2026-01-15T16:12:48","modified_gmt":"2026-01-15T15:12:48","slug":"prestations","status":"publish","type":"page","link":"https:\/\/seretudes.com\/en\/prestations\/","title":{"rendered":"Services"},"content":{"rendered":"<div data-elementor-type=\"wp-post\" data-elementor-id=\"89\" class=\"elementor elementor-89\">\n\t\t\t\t\t\t<section class=\"elementor-section elementor-top-section elementor-element elementor-element-f0ce8b6 elementor-section-boxed elementor-section-height-default elementor-section-height-default\" data-id=\"f0ce8b6\" data-element_type=\"section\" data-e-type=\"section\">\n\t\t\t\t\t\t<div class=\"elementor-container elementor-column-gap-default\">\n\t\t\t\t\t<div class=\"elementor-column elementor-col-100 elementor-top-column elementor-element elementor-element-77b4aef\" data-id=\"77b4aef\" data-element_type=\"column\" data-e-type=\"column\">\n\t\t\t<div class=\"elementor-widget-wrap elementor-element-populated\">\n\t\t\t\t\t\t<div class=\"elementor-element elementor-element-b57f192 elementor-widget elementor-widget-text-editor\" data-id=\"b57f192\" data-element_type=\"widget\" data-e-type=\"widget\" data-widget_type=\"text-editor.default\">\n\t\t\t\t<div class=\"elementor-widget-container\">\n\t\t\t\t\t\t\t\t\t<h2 style=\"text-align: center;\"><span style=\"color: #000000;\">CAD<\/span><\/h2>\n<p style=\"text-align: center;\"><span style=\"color: #000000;\">&#8211; <strong>Full project design<\/strong><\/span><br>(Maquette 3D, plan d&rsquo;ensemble, d\u00e9tails, nomenclature, documents techniques associ\u00e9s). Vous avez un cahier des charges ou un besoin pr\u00e9cis, nous pouvons vous en faire l&rsquo;\u00e9tude compl\u00e8te et vous livrer un dossier de plans.&nbsp;<\/p>\n<p style=\"text-align: center;\"><span style=\"color: #000000;\">&#8211; <strong>3D Modeling of any kind of object<\/strong><\/span><br>You have a real object or some 2D drawings for which you need a 3D model<\/p>\n<p style=\"text-align: center;\"><span style=\"color: #000000;\">&#8211; <strong>Layout drawings<\/strong><\/span><br>You are looking for drawing a building and its related machines and equipment, and to work and optimise the installation layout<\/p>\n<p style=\"text-align: center;\"><span style=\"color: #000000;\">&#8211; <strong>Preliminary design (drafts) and 3D modelling<\/strong><\/span><br>You are looking for a preliminary study of a future project<\/p>\n<p style=\"text-align: center;\"><span style=\"color: #000000;\">&#8211; <strong>Engineering drawings<\/strong><\/span><br>You already have a final 3D model, and you are needing the detail drawings for fabrication<\/p>\n<p style=\"text-align: center;\"><span style=\"color: #000000;\">&#8211; <strong>Reproduction of paper drawings to CAD drawings<\/strong><\/span><\/p>\n<p style=\"text-align: center;\"><span style=\"color: #000000;\">&#8211; <strong>Temporarily joining your CAD teams<\/strong><\/span><br>Are you looking for an additional CAD designer tomorrow ? Do you need to reinforce your teams but without hiring additional people ? We can join your teams in your office, and we can bring our own work station and Solidworks License if required.<\/p>\n<p style=\"text-align: center;\"><span style=\"color: #000000;\">&#8211; <strong>3D Printing<\/strong><\/span><\/p>\n<p style=\"text-align: center;\"><span style=\"font-size: 14pt; color: #000000;\"><strong>&#8211;<\/strong>&nbsp; <strong>Expertise \u2013<\/strong><\/span><br><span style=\"font-size: 14px;\">Based on our work experience, we can bring you an external eye on your design, and suggestions for modification or improvement (cost \/ performance \/ reliability ...)<\/span><\/p>\n<p style=\"text-align: center;\">\n<\/p>\t\t\t\t\t\t\t\t<\/div>\n\t\t\t\t<\/div>\n\t\t\t\t\t<\/div>\n\t\t<\/div>\n\t\t\t\t\t<\/div>\n\t\t<\/section>\n\t\t\t\t<\/div>","protected":false},"excerpt":{"rendered":"<p>CAO &#8211; Etudes compl\u00e8tes(Maquette 3D, plan d&rsquo;ensemble, d\u00e9tails, nomenclature, documents techniques associ\u00e9s). Vous avez un cahier des charges ou un besoin pr\u00e9cis, nous pouvons vous en faire l&rsquo;\u00e9tude compl\u00e8te et vous livrer un dossier de plans.&nbsp; &#8211; Mod\u00e9lisation en 3D de toutes sortes d&rsquo;objets.Vous avez une pi\u00e8ce physique, ou un plan 2D \u00e0 mod\u00e9liser en [&hellip;]<\/p>\n","protected":false},"author":1,"featured_media":0,"parent":0,"menu_order":0,"comment_status":"closed","ping_status":"closed","template":"","meta":{"footnotes":""},"class_list":["post-89","page","type-page","status-publish","hentry"],"yoast_head":"<!-- This site is optimized with the Yoast SEO plugin v24.1 - https:\/\/yoast.com\/wordpress\/plugins\/seo\/ -->\n<title>Dessinateurs projeteurs ind\u00e9pendants - Nos prestations<\/title>\n<meta name=\"description\" content=\"Conception m\u00e9canique, \u00e9tudes d&#039;avant projet ou d\u00e9taill\u00e9es, Mod\u00e9lisation 3D de toutes sortes d&#039;objets, mise en plan, expertise, impression 3D\" \/>\n<meta name=\"robots\" content=\"index, follow, max-snippet:-1, max-image-preview:large, max-video-preview:-1\" \/>\n<link rel=\"canonical\" href=\"https:\/\/seretudes.com\/en\/prestations\/\" \/>\n<meta property=\"og:locale\" content=\"en_GB\" \/>\n<meta property=\"og:type\" content=\"article\" \/>\n<meta property=\"og:title\" content=\"Dessinateurs projeteurs ind\u00e9pendants - Nos prestations\" \/>\n<meta property=\"og:description\" content=\"Conception m\u00e9canique, \u00e9tudes d&#039;avant projet ou d\u00e9taill\u00e9es, Mod\u00e9lisation 3D de toutes sortes d&#039;objets, mise en plan, expertise, impression 3D\" \/>\n<meta property=\"og:url\" content=\"https:\/\/seretudes.com\/en\/prestations\/\" \/>\n<meta property=\"article:modified_time\" content=\"2026-01-15T15:12:48+00:00\" \/>\n<meta name=\"twitter:card\" content=\"summary_large_image\" \/>\n<meta name=\"twitter:label1\" content=\"Estimated reading time\" \/>\n\t<meta name=\"twitter:data1\" content=\"1 minute\" \/>\n<script type=\"application\/ld+json\" class=\"yoast-schema-graph\">{\"@context\":\"https:\/\/schema.org\",\"@graph\":[{\"@type\":\"WebPage\",\"@id\":\"https:\/\/seretudes.com\/prestations\/\",\"url\":\"https:\/\/seretudes.com\/prestations\/\",\"name\":\"Dessinateurs projeteurs ind\u00e9pendants - Nos prestations\",\"isPartOf\":{\"@id\":\"https:\/\/seretudes.com\/#website\"},\"datePublished\":\"2018-09-19T22:06:16+00:00\",\"dateModified\":\"2026-01-15T15:12:48+00:00\",\"description\":\"Conception m\u00e9canique, \u00e9tudes d'avant projet ou d\u00e9taill\u00e9es, Mod\u00e9lisation 3D de toutes sortes d'objets, mise en plan, expertise, impression 3D\",\"breadcrumb\":{\"@id\":\"https:\/\/seretudes.com\/prestations\/#breadcrumb\"},\"inLanguage\":\"en-GB\",\"potentialAction\":[{\"@type\":\"ReadAction\",\"target\":[\"https:\/\/seretudes.com\/prestations\/\"]}]},{\"@type\":\"BreadcrumbList\",\"@id\":\"https:\/\/seretudes.com\/prestations\/#breadcrumb\",\"itemListElement\":[{\"@type\":\"ListItem\",\"position\":1,\"name\":\"Accueil\",\"item\":\"https:\/\/seretudes.com\/\"},{\"@type\":\"ListItem\",\"position\":2,\"name\":\"Prestations\"}]},{\"@type\":\"WebSite\",\"@id\":\"https:\/\/seretudes.com\/#website\",\"url\":\"https:\/\/seretudes.com\/\",\"name\":\"S E R E T U D E S\",\"description\":\"Solution Efficace et R\u00e9active, aux entreprises ayants des besoins ponctuels ou r\u00e9guliers en CAO.\",\"publisher\":{\"@id\":\"https:\/\/seretudes.com\/#organization\"},\"potentialAction\":[{\"@type\":\"SearchAction\",\"target\":{\"@type\":\"EntryPoint\",\"urlTemplate\":\"https:\/\/seretudes.com\/?s={search_term_string}\"},\"query-input\":{\"@type\":\"PropertyValueSpecification\",\"valueRequired\":true,\"valueName\":\"search_term_string\"}}],\"inLanguage\":\"en-GB\"},{\"@type\":\"Organization\",\"@id\":\"https:\/\/seretudes.com\/#organization\",\"name\":\"Seretudes\",\"url\":\"https:\/\/seretudes.com\/\",\"logo\":{\"@type\":\"ImageObject\",\"inLanguage\":\"en-GB\",\"@id\":\"https:\/\/seretudes.com\/#\/schema\/logo\/image\/\",\"url\":\"https:\/\/seretudes.com\/wp-content\/uploads\/2019\/02\/SERETUDE_logo_1-3-e1551093177621.jpg\",\"contentUrl\":\"https:\/\/seretudes.com\/wp-content\/uploads\/2019\/02\/SERETUDE_logo_1-3-e1551093177621.jpg\",\"width\":935,\"height\":195,\"caption\":\"Seretudes\"},\"image\":{\"@id\":\"https:\/\/seretudes.com\/#\/schema\/logo\/image\/\"}}]}<\/script>\n<!-- \/ Yoast SEO plugin. -->","yoast_head_json":{"title":"Dessinateurs projeteurs ind\u00e9pendants - Nos prestations","description":"Conception m\u00e9canique, \u00e9tudes d'avant projet ou d\u00e9taill\u00e9es, Mod\u00e9lisation 3D de toutes sortes d'objets, mise en plan, expertise, impression 3D","robots":{"index":"index","follow":"follow","max-snippet":"max-snippet:-1","max-image-preview":"max-image-preview:large","max-video-preview":"max-video-preview:-1"},"canonical":"https:\/\/seretudes.com\/en\/prestations\/","og_locale":"en_GB","og_type":"article","og_title":"Dessinateurs projeteurs ind\u00e9pendants - Nos prestations","og_description":"Conception m\u00e9canique, \u00e9tudes d'avant projet ou d\u00e9taill\u00e9es, Mod\u00e9lisation 3D de toutes sortes d'objets, mise en plan, expertise, impression 3D","og_url":"https:\/\/seretudes.com\/en\/prestations\/","article_modified_time":"2026-01-15T15:12:48+00:00","twitter_card":"summary_large_image","twitter_misc":{"Estimated reading time":"1 minute"},"schema":{"@context":"https:\/\/schema.org","@graph":[{"@type":"WebPage","@id":"https:\/\/seretudes.com\/prestations\/","url":"https:\/\/seretudes.com\/prestations\/","name":"Dessinateurs projeteurs ind\u00e9pendants - Nos prestations","isPartOf":{"@id":"https:\/\/seretudes.com\/#website"},"datePublished":"2018-09-19T22:06:16+00:00","dateModified":"2026-01-15T15:12:48+00:00","description":"Conception m\u00e9canique, \u00e9tudes d'avant projet ou d\u00e9taill\u00e9es, Mod\u00e9lisation 3D de toutes sortes d'objets, mise en plan, expertise, impression 3D","breadcrumb":{"@id":"https:\/\/seretudes.com\/prestations\/#breadcrumb"},"inLanguage":"en-GB","potentialAction":[{"@type":"ReadAction","target":["https:\/\/seretudes.com\/prestations\/"]}]},{"@type":"BreadcrumbList","@id":"https:\/\/seretudes.com\/prestations\/#breadcrumb","itemListElement":[{"@type":"ListItem","position":1,"name":"Accueil","item":"https:\/\/seretudes.com\/"},{"@type":"ListItem","position":2,"name":"Prestations"}]},{"@type":"WebSite","@id":"https:\/\/seretudes.com\/#website","url":"https:\/\/seretudes.com\/","name":"S E R E T U D E S","description":"Efficient and Responsive Solution for companies looking for one-off or regular CAD services","publisher":{"@id":"https:\/\/seretudes.com\/#organization"},"potentialAction":[{"@type":"SearchAction","target":{"@type":"EntryPoint","urlTemplate":"https:\/\/seretudes.com\/?s={search_term_string}"},"query-input":{"@type":"PropertyValueSpecification","valueRequired":true,"valueName":"search_term_string"}}],"inLanguage":"en-GB"},{"@type":"Organization","@id":"https:\/\/seretudes.com\/#organization","name":"Seretudes","url":"https:\/\/seretudes.com\/","logo":{"@type":"ImageObject","inLanguage":"en-GB","@id":"https:\/\/seretudes.com\/#\/schema\/logo\/image\/","url":"https:\/\/seretudes.com\/wp-content\/uploads\/2019\/02\/SERETUDE_logo_1-3-e1551093177621.jpg","contentUrl":"https:\/\/seretudes.com\/wp-content\/uploads\/2019\/02\/SERETUDE_logo_1-3-e1551093177621.jpg","width":935,"height":195,"caption":"Seretudes"},"image":{"@id":"https:\/\/seretudes.com\/#\/schema\/logo\/image\/"}}]}},"jetpack_sharing_enabled":false,"_links":{"self":[{"href":"https:\/\/seretudes.com\/en\/wp-json\/wp\/v2\/pages\/89","targetHints":{"allow":["GET"]}}],"collection":[{"href":"https:\/\/seretudes.com\/en\/wp-json\/wp\/v2\/pages"}],"about":[{"href":"https:\/\/seretudes.com\/en\/wp-json\/wp\/v2\/types\/page"}],"author":[{"embeddable":true,"href":"https:\/\/seretudes.com\/en\/wp-json\/wp\/v2\/users\/1"}],"replies":[{"embeddable":true,"href":"https:\/\/seretudes.com\/en\/wp-json\/wp\/v2\/comments?post=89"}],"version-history":[{"count":35,"href":"https:\/\/seretudes.com\/en\/wp-json\/wp\/v2\/pages\/89\/revisions"}],"predecessor-version":[{"id":2106,"href":"https:\/\/seretudes.com\/en\/wp-json\/wp\/v2\/pages\/89\/revisions\/2106"}],"wp:attachment":[{"href":"https:\/\/seretudes.com\/en\/wp-json\/wp\/v2\/media?parent=89"}],"curies":[{"name":"wp","href":"https:\/\/api.w.org\/{rel}","templated":true}]}}